{"id":192,"date":"2017-07-20T23:20:42","date_gmt":"2017-07-20T21:20:42","guid":{"rendered":"https:\/\/www.harlander-stiftung.de\/?page_id=192"},"modified":"2026-01-10T17:06:30","modified_gmt":"2026-01-10T16:06:30","slug":"die-stifter","status":"publish","type":"page","link":"https:\/\/www.harlander-stiftung.de\/?page_id=192","title":{"rendered":"Die Stifter"},"content":{"rendered":"\n<table style=\"border-collapse: collapse; width: 100%;\">\n<tbody>\n<tr>\n<td style=\"width: 50%;\"><img decoding=\"async\" class=\"alignnone size-medium wp-image-278 aligncenter\" src=\"https:\/\/www.harlander-stiftung.de\/wp-content\/uploads\/2026\/01\/Michaela_websize-e1768060972624.jpg\" alt=\"\" width=\"325\" \/><\/td>\n<td style=\"width: 50%;\"><img loading=\"lazy\" decoding=\"async\" class=\"alignnone size-medium wp-image-277 aligncenter\" src=\"https:\/\/www.harlander-stiftung.de\/wp-content\/uploads\/2025\/12\/harlan_hut-2000-209x300.jpg\" alt=\"\" width=\"209\" height=\"300\" srcset=\"https:\/\/www.harlander-stiftung.de\/wp-content\/uploads\/2025\/12\/harlan_hut-2000-209x300.jpg 209w, https:\/\/www.harlander-stiftung.de\/wp-content\/uploads\/2025\/12\/harlan_hut-2000-715x1024.jpg 715w, https:\/\/www.harlander-stiftung.de\/wp-content\/uploads\/2025\/12\/harlan_hut-2000-768x1100.jpg 768w, https:\/\/www.harlander-stiftung.de\/wp-content\/uploads\/2025\/12\/harlan_hut-2000-1072x1536.jpg 1072w, https:\/\/www.harlander-stiftung.de\/wp-content\/uploads\/2025\/12\/harlan_hut-2000.jpg 1396w\" sizes=\"auto, (max-width: 209px) 100vw, 209px\" \/><\/td>\n<\/tr>\n<tr>\n<td style=\"width: 50%; text-align: center;\">Dr. Michaela Harlander<\/td>\n<td style=\"width: 50%; text-align: center;\">Dr. Magnus Harlander<\/td>\n<\/tr>\n<\/tbody>\n<\/table>\n\n\n\n<p>Dr. Magnus und Dr. Michaela Harlander sind beide promovierte Physiker und 2 der 3 Gr\u00fcnder der genua GmbH, einem deutschen Anbieter f\u00fcr anspruchsvolle Sicherheitssysteme mit dem Sitz in Kirchheim bei M\u00fcnchen. Sie geh\u00f6rten beide ab Unternehmensgr\u00fcndung der Gesch\u00e4ftsf\u00fchrung an und schieden zwischen 2016 und 2017 aus dem Unternehmen aus. 2015 gr\u00fcndeten sie gemeinsam die Harlander-Stiftung, 2019 die ISAR AG Gesellschaft f\u00fcr nachhaltige Beteiligungen, die insbesondere in Unternehmen im Bereich der Umwelttechnologien investiert und diese beratend begleitet. Das Ehepaar lebt seit 1995 in Kirchheim bei M\u00fcnchen und hat 2 erwachsene S\u00f6hne.<\/p>\n<p>Dr. Michaela Harlander hat neben Physik zus\u00e4tzlich Betriebswirtschaft und Wirtschaftspsychologie studiert.\u00a0 Sie war lange Jahre ehrenamtlich in verschiedenen\u00a0 Verb\u00e4nden wie bayme (Verband der Bayerischen Metall- und Elektroindustrie), VDMA Oberbayern (Verband des Deutschen Maschinen- und Anlagenbaus) und der AWV (Arbeitsgemeinschaft Wirtschaftliche Verwaltung) t\u00e4tig. Ferner durfte sie als Mitglied des Mittelstandsbeirats der Bundesregierung zwischen 2013 und 2025 vier verschiedene Bundeswirtschaftsminister beraten. 2024 wurde sie mit der Staatsmedaille f\u00fcr Verdienste um die Bayerische Wirtschaft ausgezeichnet. Seit 2020 ist sie Mitglied des Gemeinderats in Kirchheim bei M\u00fcnchen in der SPD-Fraktion und hadert mit der kommunalen B\u00fcrokratie.<\/p>\n<p>Dr Magnus Harlander&#8230;&#8230;<\/p>\n\n\n","protected":false},"excerpt":{"rendered":"<p>Dr. Michaela Harlander Dr. Magnus Harlander Dr. Magnus und Dr. Michaela Harlander sind beide promovierte Physiker und 2 der 3 Gr\u00fcnder der genua GmbH, einem deutschen Anbieter f\u00fcr anspruchsvolle Sicherheitssysteme mit dem Sitz in Kirchheim bei M\u00fcnchen. Sie geh\u00f6rten beide ab Unternehmensgr\u00fcndung der Gesch\u00e4ftsf\u00fchrung an und schieden zwischen 2016 und 2017 aus dem Unternehmen aus. 2015 gr\u00fcndeten sie gemeinsam die Harlander-Stiftung, 2019 die ISAR AG Gesellschaft f\u00fcr nachhaltige Beteiligungen, die&hellip;<\/p>\n","protected":false},"author":1,"featured_media":0,"parent":2,"menu_order":0,"comment_status":"closed","ping_status":"closed","template":"","meta":{"_acf_changed":false,"footnotes":""},"class_list":["post-192","page","type-page","status-publish","hentry"],"acf":[],"yoast_head":"<!-- This site is optimized with the Yoast SEO plugin v27.5 - https:\/\/yoast.com\/product\/yoast-seo-wordpress\/ -->\n<title>Die Stifter - Harlander-Stiftung<\/title>\n<meta name=\"robots\" content=\"index, follow, max-snippet:-1, max-image-preview:large, max-video-preview:-1\" \/>\n<link rel=\"canonical\" href=\"https:\/\/www.harlander-stiftung.de\/?page_id=192\" \/>\n<meta property=\"og:locale\" content=\"de_DE\" \/>\n<meta property=\"og:type\" content=\"article\" \/>\n<meta property=\"og:title\" content=\"Die Stifter - Harlander-Stiftung\" \/>\n<meta property=\"og:description\" content=\"Dr. Michaela Harlander Dr. Magnus Harlander Dr. Magnus und Dr. Michaela Harlander sind beide promovierte Physiker und 2 der 3 Gr\u00fcnder der genua GmbH, einem deutschen Anbieter f\u00fcr anspruchsvolle Sicherheitssysteme mit dem Sitz in Kirchheim bei M\u00fcnchen. Sie geh\u00f6rten beide ab Unternehmensgr\u00fcndung der Gesch\u00e4ftsf\u00fchrung an und schieden zwischen 2016 und 2017 aus dem Unternehmen aus. 2015 gr\u00fcndeten sie gemeinsam die Harlander-Stiftung, 2019 die ISAR AG Gesellschaft f\u00fcr nachhaltige Beteiligungen, die&hellip;\" \/>\n<meta property=\"og:url\" content=\"https:\/\/www.harlander-stiftung.de\/?page_id=192\" \/>\n<meta property=\"og:site_name\" content=\"Harlander-Stiftung\" \/>\n<meta property=\"article:modified_time\" content=\"2026-01-10T16:06:30+00:00\" \/>\n<meta property=\"og:image\" content=\"https:\/\/www.harlander-stiftung.de\/wp-content\/uploads\/2025\/12\/michaela.jpg\" \/>\n\t<meta property=\"og:image:width\" content=\"1224\" \/>\n\t<meta property=\"og:image:height\" content=\"1632\" \/>\n\t<meta property=\"og:image:type\" content=\"image\/jpeg\" \/>\n<meta name=\"twitter:card\" content=\"summary_large_image\" \/>\n<meta name=\"twitter:label1\" content=\"Gesch\u00e4tzte Lesezeit\" \/>\n\t<meta name=\"twitter:data1\" content=\"2\u00a0Minuten\" \/>\n<script type=\"application\/ld+json\" class=\"yoast-schema-graph\">{\"@context\":\"https:\\\/\\\/schema.org\",\"@graph\":[{\"@type\":\"WebPage\",\"@id\":\"https:\\\/\\\/www.harlander-stiftung.de\\\/?page_id=192\",\"url\":\"https:\\\/\\\/www.harlander-stiftung.de\\\/?page_id=192\",\"name\":\"Die Stifter - Harlander-Stiftung\",\"isPartOf\":{\"@id\":\"https:\\\/\\\/www.harlander-stiftung.de\\\/#website\"},\"primaryImageOfPage\":{\"@id\":\"https:\\\/\\\/www.harlander-stiftung.de\\\/?page_id=192#primaryimage\"},\"image\":{\"@id\":\"https:\\\/\\\/www.harlander-stiftung.de\\\/?page_id=192#primaryimage\"},\"thumbnailUrl\":\"https:\\\/\\\/www.harlander-stiftung.de\\\/wp-content\\\/uploads\\\/2026\\\/01\\\/Michaela_websize-e1768060972624.jpg\",\"datePublished\":\"2017-07-20T21:20:42+00:00\",\"dateModified\":\"2026-01-10T16:06:30+00:00\",\"breadcrumb\":{\"@id\":\"https:\\\/\\\/www.harlander-stiftung.de\\\/?page_id=192#breadcrumb\"},\"inLanguage\":\"de\",\"potentialAction\":[{\"@type\":\"ReadAction\",\"target\":[\"https:\\\/\\\/www.harlander-stiftung.de\\\/?page_id=192\"]}]},{\"@type\":\"ImageObject\",\"inLanguage\":\"de\",\"@id\":\"https:\\\/\\\/www.harlander-stiftung.de\\\/?page_id=192#primaryimage\",\"url\":\"https:\\\/\\\/www.harlander-stiftung.de\\\/wp-content\\\/uploads\\\/2026\\\/01\\\/Michaela_websize-e1768060972624.jpg\",\"contentUrl\":\"https:\\\/\\\/www.harlander-stiftung.de\\\/wp-content\\\/uploads\\\/2026\\\/01\\\/Michaela_websize-e1768060972624.jpg\"},{\"@type\":\"BreadcrumbList\",\"@id\":\"https:\\\/\\\/www.harlander-stiftung.de\\\/?page_id=192#breadcrumb\",\"itemListElement\":[{\"@type\":\"ListItem\",\"position\":1,\"name\":\"Startseite\",\"item\":\"https:\\\/\\\/www.harlander-stiftung.de\\\/\"},{\"@type\":\"ListItem\",\"position\":2,\"name\":\"Die Harlander-Stiftung\",\"item\":\"https:\\\/\\\/www.harlander-stiftung.de\\\/?page_id=2\"},{\"@type\":\"ListItem\",\"position\":3,\"name\":\"Die Stifter\"}]},{\"@type\":\"WebSite\",\"@id\":\"https:\\\/\\\/www.harlander-stiftung.de\\\/#website\",\"url\":\"https:\\\/\\\/www.harlander-stiftung.de\\\/\",\"name\":\"Harlander-Stiftung\",\"description\":\"Zukunft durch Bildung\",\"publisher\":{\"@id\":\"https:\\\/\\\/www.harlander-stiftung.de\\\/#organization\"},\"potentialAction\":[{\"@type\":\"SearchAction\",\"target\":{\"@type\":\"EntryPoint\",\"urlTemplate\":\"https:\\\/\\\/www.harlander-stiftung.de\\\/?s={search_term_string}\"},\"query-input\":{\"@type\":\"PropertyValueSpecification\",\"valueRequired\":true,\"valueName\":\"search_term_string\"}}],\"inLanguage\":\"de\"},{\"@type\":\"Organization\",\"@id\":\"https:\\\/\\\/www.harlander-stiftung.de\\\/#organization\",\"name\":\"Harlander-Stiftung\",\"url\":\"https:\\\/\\\/www.harlander-stiftung.de\\\/\",\"logo\":{\"@type\":\"ImageObject\",\"inLanguage\":\"de\",\"@id\":\"https:\\\/\\\/www.harlander-stiftung.de\\\/#\\\/schema\\\/logo\\\/image\\\/\",\"url\":\"https:\\\/\\\/www.harlander-stiftung.de\\\/wp-content\\\/uploads\\\/2016\\\/02\\\/cropped-cropped-Galaxy-Desktop-Wallpapers-1.jpg\",\"contentUrl\":\"https:\\\/\\\/www.harlander-stiftung.de\\\/wp-content\\\/uploads\\\/2016\\\/02\\\/cropped-cropped-Galaxy-Desktop-Wallpapers-1.jpg\",\"width\":290,\"height\":70,\"caption\":\"Harlander-Stiftung\"},\"image\":{\"@id\":\"https:\\\/\\\/www.harlander-stiftung.de\\\/#\\\/schema\\\/logo\\\/image\\\/\"}}]}<\/script>\n<!-- \/ Yoast SEO plugin. -->","yoast_head_json":{"title":"Die Stifter - Harlander-Stiftung","robots":{"index":"index","follow":"follow","max-snippet":"max-snippet:-1","max-image-preview":"max-image-preview:large","max-video-preview":"max-video-preview:-1"},"canonical":"https:\/\/www.harlander-stiftung.de\/?page_id=192","og_locale":"de_DE","og_type":"article","og_title":"Die Stifter - Harlander-Stiftung","og_description":"Dr. Michaela Harlander Dr. Magnus Harlander Dr. Magnus und Dr. Michaela Harlander sind beide promovierte Physiker und 2 der 3 Gr\u00fcnder der genua GmbH, einem deutschen Anbieter f\u00fcr anspruchsvolle Sicherheitssysteme mit dem Sitz in Kirchheim bei M\u00fcnchen. Sie geh\u00f6rten beide ab Unternehmensgr\u00fcndung der Gesch\u00e4ftsf\u00fchrung an und schieden zwischen 2016 und 2017 aus dem Unternehmen aus. 2015 gr\u00fcndeten sie gemeinsam die Harlander-Stiftung, 2019 die ISAR AG Gesellschaft f\u00fcr nachhaltige Beteiligungen, die&hellip;","og_url":"https:\/\/www.harlander-stiftung.de\/?page_id=192","og_site_name":"Harlander-Stiftung","article_modified_time":"2026-01-10T16:06:30+00:00","og_image":[{"width":1224,"height":1632,"url":"https:\/\/www.harlander-stiftung.de\/wp-content\/uploads\/2025\/12\/michaela.jpg","type":"image\/jpeg"}],"twitter_card":"summary_large_image","twitter_misc":{"Gesch\u00e4tzte Lesezeit":"2\u00a0Minuten"},"schema":{"@context":"https:\/\/schema.org","@graph":[{"@type":"WebPage","@id":"https:\/\/www.harlander-stiftung.de\/?page_id=192","url":"https:\/\/www.harlander-stiftung.de\/?page_id=192","name":"Die Stifter - Harlander-Stiftung","isPartOf":{"@id":"https:\/\/www.harlander-stiftung.de\/#website"},"primaryImageOfPage":{"@id":"https:\/\/www.harlander-stiftung.de\/?page_id=192#primaryimage"},"image":{"@id":"https:\/\/www.harlander-stiftung.de\/?page_id=192#primaryimage"},"thumbnailUrl":"https:\/\/www.harlander-stiftung.de\/wp-content\/uploads\/2026\/01\/Michaela_websize-e1768060972624.jpg","datePublished":"2017-07-20T21:20:42+00:00","dateModified":"2026-01-10T16:06:30+00:00","breadcrumb":{"@id":"https:\/\/www.harlander-stiftung.de\/?page_id=192#breadcrumb"},"inLanguage":"de","potentialAction":[{"@type":"ReadAction","target":["https:\/\/www.harlander-stiftung.de\/?page_id=192"]}]},{"@type":"ImageObject","inLanguage":"de","@id":"https:\/\/www.harlander-stiftung.de\/?page_id=192#primaryimage","url":"https:\/\/www.harlander-stiftung.de\/wp-content\/uploads\/2026\/01\/Michaela_websize-e1768060972624.jpg","contentUrl":"https:\/\/www.harlander-stiftung.de\/wp-content\/uploads\/2026\/01\/Michaela_websize-e1768060972624.jpg"},{"@type":"BreadcrumbList","@id":"https:\/\/www.harlander-stiftung.de\/?page_id=192#breadcrumb","itemListElement":[{"@type":"ListItem","position":1,"name":"Startseite","item":"https:\/\/www.harlander-stiftung.de\/"},{"@type":"ListItem","position":2,"name":"Die Harlander-Stiftung","item":"https:\/\/www.harlander-stiftung.de\/?page_id=2"},{"@type":"ListItem","position":3,"name":"Die Stifter"}]},{"@type":"WebSite","@id":"https:\/\/www.harlander-stiftung.de\/#website","url":"https:\/\/www.harlander-stiftung.de\/","name":"Harlander-Stiftung","description":"Zukunft durch Bildung","publisher":{"@id":"https:\/\/www.harlander-stiftung.de\/#organization"},"potentialAction":[{"@type":"SearchAction","target":{"@type":"EntryPoint","urlTemplate":"https:\/\/www.harlander-stiftung.de\/?s={search_term_string}"},"query-input":{"@type":"PropertyValueSpecification","valueRequired":true,"valueName":"search_term_string"}}],"inLanguage":"de"},{"@type":"Organization","@id":"https:\/\/www.harlander-stiftung.de\/#organization","name":"Harlander-Stiftung","url":"https:\/\/www.harlander-stiftung.de\/","logo":{"@type":"ImageObject","inLanguage":"de","@id":"https:\/\/www.harlander-stiftung.de\/#\/schema\/logo\/image\/","url":"https:\/\/www.harlander-stiftung.de\/wp-content\/uploads\/2016\/02\/cropped-cropped-Galaxy-Desktop-Wallpapers-1.jpg","contentUrl":"https:\/\/www.harlander-stiftung.de\/wp-content\/uploads\/2016\/02\/cropped-cropped-Galaxy-Desktop-Wallpapers-1.jpg","width":290,"height":70,"caption":"Harlander-Stiftung"},"image":{"@id":"https:\/\/www.harlander-stiftung.de\/#\/schema\/logo\/image\/"}}]}},"_links":{"self":[{"href":"https:\/\/www.harlander-stiftung.de\/index.php?rest_route=\/wp\/v2\/pages\/192","targetHints":{"allow":["GET"]}}],"collection":[{"href":"https:\/\/www.harlander-stiftung.de\/index.php?rest_route=\/wp\/v2\/pages"}],"about":[{"href":"https:\/\/www.harlander-stiftung.de\/index.php?rest_route=\/wp\/v2\/types\/page"}],"author":[{"embeddable":true,"href":"https:\/\/www.harlander-stiftung.de\/index.php?rest_route=\/wp\/v2\/users\/1"}],"replies":[{"embeddable":true,"href":"https:\/\/www.harlander-stiftung.de\/index.php?rest_route=%2Fwp%2Fv2%2Fcomments&post=192"}],"version-history":[{"count":8,"href":"https:\/\/www.harlander-stiftung.de\/index.php?rest_route=\/wp\/v2\/pages\/192\/revisions"}],"predecessor-version":[{"id":442,"href":"https:\/\/www.harlander-stiftung.de\/index.php?rest_route=\/wp\/v2\/pages\/192\/revisions\/442"}],"up":[{"embeddable":true,"href":"https:\/\/www.harlander-stiftung.de\/index.php?rest_route=\/wp\/v2\/pages\/2"}],"wp:attachment":[{"href":"https:\/\/www.harlander-stiftung.de\/index.php?rest_route=%2Fwp%2Fv2%2Fmedia&parent=192"}],"curies":[{"name":"wp","href":"https:\/\/api.w.org\/{rel}","templated":true}]}}