{"id":2,"date":"2016-02-03T21:04:40","date_gmt":"2016-02-03T21:04:40","guid":{"rendered":"http:\/\/www.harlander-stiftung.de\/?page_id=2"},"modified":"2026-01-10T16:57:55","modified_gmt":"2026-01-10T15:57:55","slug":"sample-page","status":"publish","type":"page","link":"https:\/\/www.harlander-stiftung.de\/?page_id=2","title":{"rendered":"Die Harlander-Stiftung"},"content":{"rendered":"\n<p>Die Harlander-Stiftung ist eine gemeinn\u00fctzige Stiftung des b\u00fcrgerlichen Rechts. <\/p>\n\n\n\n\n\n<h4>Ihre wichtigsten Ziele sind:<\/h4>\n\n\n\n<ul class=\"wp-block-list\">\n<li>F\u00f6rderung, Durchf\u00fchrung und Unterst\u00fctzung von Bildungsveranstaltungen bez\u00fcglich Mathematik, Naturwissenschaften und Informatik.<\/li>\n\n\n\n<li>F\u00f6rderung, Durchf\u00fchrung und Unterst\u00fctzung von Bildungsveranstaltungen und Aktionen zu gesellschaftlich relevanten Themen des Zeitgeschehens, Umweltschutz, V\u00f6lkerverst\u00e4ndigung mit Schwerpunkt in der Gemeinde Kirchheim bei M\u00fcnchen.<\/li>\n\n\n\n<li>F\u00f6rderung von Jugendfu\u00dfballabteilungen mit Schwerpunkt der F\u00f6rderung des SV Heimstetten.<\/li>\n<\/ul>\n\n\n\n\n\n<h4 class=\"wp-block-heading\"><strong>Wer steckt hinter der Harlander-Stiftung?<\/strong><\/h4>\n\n\n\n<p>In folgendem Auszug aus der Satzung findet sich der genau ausformulierte <a href=\"http:\/\/www.harlander-stiftung.de\/?page_id=15\">Stiftungszweck<\/a><\/p>\n\n\n\n<p>Die Harlander-Stiftung wurde im Dezember 2015 von Michaela und Magnus Harlander gegr\u00fcndet. Unsere <a href=\"http:\/\/www.harlander-stiftung.de\/?page_id=10\">Motivation<\/a> haben wir in der Pr\u00e4ambel zur Stiftungssatzung beschrieben.<\/p>\n\n\n\n<p>Vieles von dem, was uns bewegt, haben auch andere aufgegriffen. Da es nur um die Sache geht, verweisen wir gerne auf <a href=\"http:\/\/www.harlander-stiftung.de\/?page_id=64\">andere Initiativen<\/a> mit \u00e4hnlichen Zielen.<\/p>\n","protected":false},"excerpt":{"rendered":"<p>Die Harlander-Stiftung ist eine gemeinn\u00fctzige Stiftung des b\u00fcrgerlichen Rechts. Ihre wichtigsten Ziele sind: Wer steckt hinter der Harlander-Stiftung? In folgendem Auszug aus der Satzung findet sich der genau ausformulierte Stiftungszweck Die Harlander-Stiftung wurde im Dezember 2015 von Michaela und Magnus Harlander gegr\u00fcndet. Unsere Motivation haben wir in der Pr\u00e4ambel zur Stiftungssatzung beschrieben. Vieles von dem, was uns bewegt, haben auch andere aufgegriffen. Da es nur um die Sache geht, verweisen&hellip;<\/p>\n","protected":false},"author":1,"featured_media":0,"parent":0,"menu_order":0,"comment_status":"closed","ping_status":"open","template":"","meta":{"_acf_changed":false,"footnotes":""},"class_list":["post-2","page","type-page","status-publish","hentry"],"acf":[],"yoast_head":"<!-- This site is optimized with the Yoast SEO plugin v27.5 - https:\/\/yoast.com\/product\/yoast-seo-wordpress\/ -->\n<title>Die Harlander-Stiftung - Harlander-Stiftung<\/title>\n<meta name=\"robots\" content=\"index, follow, max-snippet:-1, max-image-preview:large, max-video-preview:-1\" \/>\n<link rel=\"canonical\" href=\"https:\/\/www.harlander-stiftung.de\/?page_id=2\" \/>\n<meta property=\"og:locale\" content=\"de_DE\" \/>\n<meta property=\"og:type\" content=\"article\" \/>\n<meta property=\"og:title\" content=\"Die Harlander-Stiftung - Harlander-Stiftung\" \/>\n<meta property=\"og:description\" content=\"Die Harlander-Stiftung ist eine gemeinn\u00fctzige Stiftung des b\u00fcrgerlichen Rechts. Ihre wichtigsten Ziele sind: Wer steckt hinter der Harlander-Stiftung? In folgendem Auszug aus der Satzung findet sich der genau ausformulierte Stiftungszweck Die Harlander-Stiftung wurde im Dezember 2015 von Michaela und Magnus Harlander gegr\u00fcndet. Unsere Motivation haben wir in der Pr\u00e4ambel zur Stiftungssatzung beschrieben. Vieles von dem, was uns bewegt, haben auch andere aufgegriffen. Da es nur um die Sache geht, verweisen&hellip;\" \/>\n<meta property=\"og:url\" content=\"https:\/\/www.harlander-stiftung.de\/?page_id=2\" \/>\n<meta property=\"og:site_name\" content=\"Harlander-Stiftung\" \/>\n<meta property=\"article:modified_time\" content=\"2026-01-10T15:57:55+00:00\" \/>\n<meta name=\"twitter:card\" content=\"summary_large_image\" \/>\n<meta name=\"twitter:label1\" content=\"Gesch\u00e4tzte Lesezeit\" \/>\n\t<meta name=\"twitter:data1\" content=\"1\u00a0Minute\" \/>\n<script type=\"application\/ld+json\" class=\"yoast-schema-graph\">{\"@context\":\"https:\\\/\\\/schema.org\",\"@graph\":[{\"@type\":\"WebPage\",\"@id\":\"https:\\\/\\\/www.harlander-stiftung.de\\\/?page_id=2\",\"url\":\"https:\\\/\\\/www.harlander-stiftung.de\\\/?page_id=2\",\"name\":\"Die Harlander-Stiftung - Harlander-Stiftung\",\"isPartOf\":{\"@id\":\"https:\\\/\\\/www.harlander-stiftung.de\\\/#website\"},\"datePublished\":\"2016-02-03T21:04:40+00:00\",\"dateModified\":\"2026-01-10T15:57:55+00:00\",\"breadcrumb\":{\"@id\":\"https:\\\/\\\/www.harlander-stiftung.de\\\/?page_id=2#breadcrumb\"},\"inLanguage\":\"de\",\"potentialAction\":[{\"@type\":\"ReadAction\",\"target\":[\"https:\\\/\\\/www.harlander-stiftung.de\\\/?page_id=2\"]}]},{\"@type\":\"BreadcrumbList\",\"@id\":\"https:\\\/\\\/www.harlander-stiftung.de\\\/?page_id=2#breadcrumb\",\"itemListElement\":[{\"@type\":\"ListItem\",\"position\":1,\"name\":\"Startseite\",\"item\":\"https:\\\/\\\/www.harlander-stiftung.de\\\/\"},{\"@type\":\"ListItem\",\"position\":2,\"name\":\"Die Harlander-Stiftung\"}]},{\"@type\":\"WebSite\",\"@id\":\"https:\\\/\\\/www.harlander-stiftung.de\\\/#website\",\"url\":\"https:\\\/\\\/www.harlander-stiftung.de\\\/\",\"name\":\"Harlander-Stiftung\",\"description\":\"Zukunft durch Bildung\",\"publisher\":{\"@id\":\"https:\\\/\\\/www.harlander-stiftung.de\\\/#organization\"},\"potentialAction\":[{\"@type\":\"SearchAction\",\"target\":{\"@type\":\"EntryPoint\",\"urlTemplate\":\"https:\\\/\\\/www.harlander-stiftung.de\\\/?s={search_term_string}\"},\"query-input\":{\"@type\":\"PropertyValueSpecification\",\"valueRequired\":true,\"valueName\":\"search_term_string\"}}],\"inLanguage\":\"de\"},{\"@type\":\"Organization\",\"@id\":\"https:\\\/\\\/www.harlander-stiftung.de\\\/#organization\",\"name\":\"Harlander-Stiftung\",\"url\":\"https:\\\/\\\/www.harlander-stiftung.de\\\/\",\"logo\":{\"@type\":\"ImageObject\",\"inLanguage\":\"de\",\"@id\":\"https:\\\/\\\/www.harlander-stiftung.de\\\/#\\\/schema\\\/logo\\\/image\\\/\",\"url\":\"https:\\\/\\\/www.harlander-stiftung.de\\\/wp-content\\\/uploads\\\/2016\\\/02\\\/cropped-cropped-Galaxy-Desktop-Wallpapers-1.jpg\",\"contentUrl\":\"https:\\\/\\\/www.harlander-stiftung.de\\\/wp-content\\\/uploads\\\/2016\\\/02\\\/cropped-cropped-Galaxy-Desktop-Wallpapers-1.jpg\",\"width\":290,\"height\":70,\"caption\":\"Harlander-Stiftung\"},\"image\":{\"@id\":\"https:\\\/\\\/www.harlander-stiftung.de\\\/#\\\/schema\\\/logo\\\/image\\\/\"}}]}<\/script>\n<!-- \/ Yoast SEO plugin. -->","yoast_head_json":{"title":"Die Harlander-Stiftung - Harlander-Stiftung","robots":{"index":"index","follow":"follow","max-snippet":"max-snippet:-1","max-image-preview":"max-image-preview:large","max-video-preview":"max-video-preview:-1"},"canonical":"https:\/\/www.harlander-stiftung.de\/?page_id=2","og_locale":"de_DE","og_type":"article","og_title":"Die Harlander-Stiftung - Harlander-Stiftung","og_description":"Die Harlander-Stiftung ist eine gemeinn\u00fctzige Stiftung des b\u00fcrgerlichen Rechts. Ihre wichtigsten Ziele sind: Wer steckt hinter der Harlander-Stiftung? In folgendem Auszug aus der Satzung findet sich der genau ausformulierte Stiftungszweck Die Harlander-Stiftung wurde im Dezember 2015 von Michaela und Magnus Harlander gegr\u00fcndet. Unsere Motivation haben wir in der Pr\u00e4ambel zur Stiftungssatzung beschrieben. Vieles von dem, was uns bewegt, haben auch andere aufgegriffen. Da es nur um die Sache geht, verweisen&hellip;","og_url":"https:\/\/www.harlander-stiftung.de\/?page_id=2","og_site_name":"Harlander-Stiftung","article_modified_time":"2026-01-10T15:57:55+00:00","twitter_card":"summary_large_image","twitter_misc":{"Gesch\u00e4tzte Lesezeit":"1\u00a0Minute"},"schema":{"@context":"https:\/\/schema.org","@graph":[{"@type":"WebPage","@id":"https:\/\/www.harlander-stiftung.de\/?page_id=2","url":"https:\/\/www.harlander-stiftung.de\/?page_id=2","name":"Die Harlander-Stiftung - Harlander-Stiftung","isPartOf":{"@id":"https:\/\/www.harlander-stiftung.de\/#website"},"datePublished":"2016-02-03T21:04:40+00:00","dateModified":"2026-01-10T15:57:55+00:00","breadcrumb":{"@id":"https:\/\/www.harlander-stiftung.de\/?page_id=2#breadcrumb"},"inLanguage":"de","potentialAction":[{"@type":"ReadAction","target":["https:\/\/www.harlander-stiftung.de\/?page_id=2"]}]},{"@type":"BreadcrumbList","@id":"https:\/\/www.harlander-stiftung.de\/?page_id=2#breadcrumb","itemListElement":[{"@type":"ListItem","position":1,"name":"Startseite","item":"https:\/\/www.harlander-stiftung.de\/"},{"@type":"ListItem","position":2,"name":"Die Harlander-Stiftung"}]},{"@type":"WebSite","@id":"https:\/\/www.harlander-stiftung.de\/#website","url":"https:\/\/www.harlander-stiftung.de\/","name":"Harlander-Stiftung","description":"Zukunft durch Bildung","publisher":{"@id":"https:\/\/www.harlander-stiftung.de\/#organization"},"potentialAction":[{"@type":"SearchAction","target":{"@type":"EntryPoint","urlTemplate":"https:\/\/www.harlander-stiftung.de\/?s={search_term_string}"},"query-input":{"@type":"PropertyValueSpecification","valueRequired":true,"valueName":"search_term_string"}}],"inLanguage":"de"},{"@type":"Organization","@id":"https:\/\/www.harlander-stiftung.de\/#organization","name":"Harlander-Stiftung","url":"https:\/\/www.harlander-stiftung.de\/","logo":{"@type":"ImageObject","inLanguage":"de","@id":"https:\/\/www.harlander-stiftung.de\/#\/schema\/logo\/image\/","url":"https:\/\/www.harlander-stiftung.de\/wp-content\/uploads\/2016\/02\/cropped-cropped-Galaxy-Desktop-Wallpapers-1.jpg","contentUrl":"https:\/\/www.harlander-stiftung.de\/wp-content\/uploads\/2016\/02\/cropped-cropped-Galaxy-Desktop-Wallpapers-1.jpg","width":290,"height":70,"caption":"Harlander-Stiftung"},"image":{"@id":"https:\/\/www.harlander-stiftung.de\/#\/schema\/logo\/image\/"}}]}},"_links":{"self":[{"href":"https:\/\/www.harlander-stiftung.de\/index.php?rest_route=\/wp\/v2\/pages\/2","targetHints":{"allow":["GET"]}}],"collection":[{"href":"https:\/\/www.harlander-stiftung.de\/index.php?rest_route=\/wp\/v2\/pages"}],"about":[{"href":"https:\/\/www.harlander-stiftung.de\/index.php?rest_route=\/wp\/v2\/types\/page"}],"author":[{"embeddable":true,"href":"https:\/\/www.harlander-stiftung.de\/index.php?rest_route=\/wp\/v2\/users\/1"}],"replies":[{"embeddable":true,"href":"https:\/\/www.harlander-stiftung.de\/index.php?rest_route=%2Fwp%2Fv2%2Fcomments&post=2"}],"version-history":[{"count":11,"href":"https:\/\/www.harlander-stiftung.de\/index.php?rest_route=\/wp\/v2\/pages\/2\/revisions"}],"predecessor-version":[{"id":438,"href":"https:\/\/www.harlander-stiftung.de\/index.php?rest_route=\/wp\/v2\/pages\/2\/revisions\/438"}],"wp:attachment":[{"href":"https:\/\/www.harlander-stiftung.de\/index.php?rest_route=%2Fwp%2Fv2%2Fmedia&parent=2"}],"curies":[{"name":"wp","href":"https:\/\/api.w.org\/{rel}","templated":true}]}}