{"id":240,"date":"2019-08-15T21:34:53","date_gmt":"2019-08-15T19:34:53","guid":{"rendered":"https:\/\/www.harlander-stiftung.de\/?page_id=240"},"modified":"2026-01-09T17:10:24","modified_gmt":"2026-01-09T16:10:24","slug":"finanzierung-der-stiftung","status":"publish","type":"page","link":"https:\/\/www.harlander-stiftung.de\/?page_id=240","title":{"rendered":"Finanzierung"},"content":{"rendered":"\n<p>Die Harlander-Stiftung finanziert sich aus zwei Quellen:<\/p>\n\n\n\n<h3 class=\"wp-block-heading\"><b>Spenden: <\/b><\/h3>\n\n\n\n<p>Wer an uns spenden m\u00f6chte, kann dies durch \u00dcberweisung auf unser Konto bei der VR Bank M\u00fcnchen Land eG tun.<\/p>\n\n\n\n<p>Die IBAN ist: DE96 7016 6486 0003 4612 46<\/p>\n\n\n\n<p>Spenden k\u00f6nnen auch zweckgebunden f\u00fcr eines unserer aktuellen Projekte erfolgen, dann ist es wichtig, dieses Projekt bei der \u00dcberweisung zu benennen. Wird kein konkretes Projekt benannt, werden die Spenden f\u00fcr das Projekt verwendet, das gerade am dringendsten Geld braucht.<\/p>\n\n\n\n<p>Bis 300 \u20ac kannst du deine Spenden mit dem Bankbeleg bei der Steuer geltend machen und brauchst keinen gesonderten Beleg. Ab 301 \u20ac ben\u00f6tigst du einen Spendenbeleg von uns. In diesen F\u00e4llen ist es sehr wichtig, dass bei der \u00dcberweisung die Adresse angegeben wird, an die wir den Spendenbeleg schicken sollen. Wir versenden Spendenbelege in der Regel im Januar des Folgejahres.<\/p>\n\n\n\n<h3 class=\"wp-block-heading\"><b>Ertr\u00e4ge aus dem Stiftungskapital<\/b><\/h3>\n\n\n\n<p>Eine Stiftung verf\u00fcgt immer \u00fcber Stiftungskapital, so auch die Harlander-Stiftung. Wir legen dieses Kapital in Wertpapieren, Immobilien, Nachrangdarlehen zur F\u00f6rderung erneuerbarer Energien und verschiedenen Beteiligungen an. Dabei achten wir darauf, dass die Kapitalanlage mit den Satzungszwecken der Stiftung zusammenpasst. Was vom Ertrag aus dieser Anlage \u00fcber die Inflationsrate hinausgeht, d\u00fcrfen wir nach dem Bayerischen Stiftungsgesetz frei f\u00fcr unsere Projekte verwenden.<\/p>\n\n\n\n<p><br><br><\/p>\n\n\n\n<p>\u00a0<\/p>\n<p><br \/><br \/><\/p>\n","protected":false},"excerpt":{"rendered":"<p>Die Harlander-Stiftung finanziert sich aus zwei Quellen: Spenden: Wer an uns spenden m\u00f6chte, kann dies durch \u00dcberweisung auf unser Konto bei der VR Bank M\u00fcnchen Land eG tun. Die IBAN ist: DE96 7016 6486 0003 4612 46 Spenden k\u00f6nnen auch zweckgebunden f\u00fcr eines unserer aktuellen Projekte erfolgen, dann ist es wichtig, dieses Projekt bei der \u00dcberweisung zu benennen. Wird kein konkretes Projekt benannt, werden die Spenden f\u00fcr das Projekt verwendet,&hellip;<\/p>\n","protected":false},"author":2,"featured_media":0,"parent":2,"menu_order":0,"comment_status":"closed","ping_status":"closed","template":"","meta":{"_acf_changed":false,"footnotes":""},"class_list":["post-240","page","type-page","status-publish","hentry"],"acf":[],"yoast_head":"<!-- This site is optimized with the Yoast SEO plugin v27.5 - https:\/\/yoast.com\/product\/yoast-seo-wordpress\/ -->\n<title>Finanzierung - Harlander-Stiftung<\/title>\n<meta name=\"description\" content=\"Finanzierung Harlander-Stiftung Ertr\u00e4ge Anlagen Spenden Spendenkonto gemeinn\u00fctzig\" \/>\n<meta name=\"robots\" content=\"index, follow, max-snippet:-1, max-image-preview:large, max-video-preview:-1\" \/>\n<link rel=\"canonical\" href=\"https:\/\/www.harlander-stiftung.de\/?page_id=240\" \/>\n<meta property=\"og:locale\" content=\"de_DE\" \/>\n<meta property=\"og:type\" content=\"article\" \/>\n<meta property=\"og:title\" content=\"Finanzierung - Harlander-Stiftung\" \/>\n<meta property=\"og:description\" content=\"Finanzierung Harlander-Stiftung Ertr\u00e4ge Anlagen Spenden Spendenkonto gemeinn\u00fctzig\" \/>\n<meta property=\"og:url\" content=\"https:\/\/www.harlander-stiftung.de\/?page_id=240\" \/>\n<meta property=\"og:site_name\" content=\"Harlander-Stiftung\" \/>\n<meta property=\"article:modified_time\" content=\"2026-01-09T16:10:24+00:00\" \/>\n<meta name=\"twitter:card\" content=\"summary_large_image\" \/>\n<meta name=\"twitter:label1\" content=\"Gesch\u00e4tzte Lesezeit\" \/>\n\t<meta name=\"twitter:data1\" content=\"2\u00a0Minuten\" \/>\n<script type=\"application\/ld+json\" class=\"yoast-schema-graph\">{\"@context\":\"https:\\\/\\\/schema.org\",\"@graph\":[{\"@type\":\"WebPage\",\"@id\":\"https:\\\/\\\/www.harlander-stiftung.de\\\/?page_id=240\",\"url\":\"https:\\\/\\\/www.harlander-stiftung.de\\\/?page_id=240\",\"name\":\"Finanzierung - Harlander-Stiftung\",\"isPartOf\":{\"@id\":\"https:\\\/\\\/www.harlander-stiftung.de\\\/#website\"},\"datePublished\":\"2019-08-15T19:34:53+00:00\",\"dateModified\":\"2026-01-09T16:10:24+00:00\",\"description\":\"Finanzierung Harlander-Stiftung Ertr\u00e4ge Anlagen Spenden Spendenkonto gemeinn\u00fctzig\",\"breadcrumb\":{\"@id\":\"https:\\\/\\\/www.harlander-stiftung.de\\\/?page_id=240#breadcrumb\"},\"inLanguage\":\"de\",\"potentialAction\":[{\"@type\":\"ReadAction\",\"target\":[\"https:\\\/\\\/www.harlander-stiftung.de\\\/?page_id=240\"]}]},{\"@type\":\"BreadcrumbList\",\"@id\":\"https:\\\/\\\/www.harlander-stiftung.de\\\/?page_id=240#breadcrumb\",\"itemListElement\":[{\"@type\":\"ListItem\",\"position\":1,\"name\":\"Startseite\",\"item\":\"https:\\\/\\\/www.harlander-stiftung.de\\\/\"},{\"@type\":\"ListItem\",\"position\":2,\"name\":\"Die Harlander-Stiftung\",\"item\":\"https:\\\/\\\/www.harlander-stiftung.de\\\/?page_id=2\"},{\"@type\":\"ListItem\",\"position\":3,\"name\":\"Finanzierung\"}]},{\"@type\":\"WebSite\",\"@id\":\"https:\\\/\\\/www.harlander-stiftung.de\\\/#website\",\"url\":\"https:\\\/\\\/www.harlander-stiftung.de\\\/\",\"name\":\"Harlander-Stiftung\",\"description\":\"Zukunft durch Bildung\",\"publisher\":{\"@id\":\"https:\\\/\\\/www.harlander-stiftung.de\\\/#organization\"},\"potentialAction\":[{\"@type\":\"SearchAction\",\"target\":{\"@type\":\"EntryPoint\",\"urlTemplate\":\"https:\\\/\\\/www.harlander-stiftung.de\\\/?s={search_term_string}\"},\"query-input\":{\"@type\":\"PropertyValueSpecification\",\"valueRequired\":true,\"valueName\":\"search_term_string\"}}],\"inLanguage\":\"de\"},{\"@type\":\"Organization\",\"@id\":\"https:\\\/\\\/www.harlander-stiftung.de\\\/#organization\",\"name\":\"Harlander-Stiftung\",\"url\":\"https:\\\/\\\/www.harlander-stiftung.de\\\/\",\"logo\":{\"@type\":\"ImageObject\",\"inLanguage\":\"de\",\"@id\":\"https:\\\/\\\/www.harlander-stiftung.de\\\/#\\\/schema\\\/logo\\\/image\\\/\",\"url\":\"https:\\\/\\\/www.harlander-stiftung.de\\\/wp-content\\\/uploads\\\/2016\\\/02\\\/cropped-cropped-Galaxy-Desktop-Wallpapers-1.jpg\",\"contentUrl\":\"https:\\\/\\\/www.harlander-stiftung.de\\\/wp-content\\\/uploads\\\/2016\\\/02\\\/cropped-cropped-Galaxy-Desktop-Wallpapers-1.jpg\",\"width\":290,\"height\":70,\"caption\":\"Harlander-Stiftung\"},\"image\":{\"@id\":\"https:\\\/\\\/www.harlander-stiftung.de\\\/#\\\/schema\\\/logo\\\/image\\\/\"}}]}<\/script>\n<!-- \/ Yoast SEO plugin. -->","yoast_head_json":{"title":"Finanzierung - Harlander-Stiftung","description":"Finanzierung Harlander-Stiftung Ertr\u00e4ge Anlagen Spenden Spendenkonto gemeinn\u00fctzig","robots":{"index":"index","follow":"follow","max-snippet":"max-snippet:-1","max-image-preview":"max-image-preview:large","max-video-preview":"max-video-preview:-1"},"canonical":"https:\/\/www.harlander-stiftung.de\/?page_id=240","og_locale":"de_DE","og_type":"article","og_title":"Finanzierung - Harlander-Stiftung","og_description":"Finanzierung Harlander-Stiftung Ertr\u00e4ge Anlagen Spenden Spendenkonto gemeinn\u00fctzig","og_url":"https:\/\/www.harlander-stiftung.de\/?page_id=240","og_site_name":"Harlander-Stiftung","article_modified_time":"2026-01-09T16:10:24+00:00","twitter_card":"summary_large_image","twitter_misc":{"Gesch\u00e4tzte Lesezeit":"2\u00a0Minuten"},"schema":{"@context":"https:\/\/schema.org","@graph":[{"@type":"WebPage","@id":"https:\/\/www.harlander-stiftung.de\/?page_id=240","url":"https:\/\/www.harlander-stiftung.de\/?page_id=240","name":"Finanzierung - Harlander-Stiftung","isPartOf":{"@id":"https:\/\/www.harlander-stiftung.de\/#website"},"datePublished":"2019-08-15T19:34:53+00:00","dateModified":"2026-01-09T16:10:24+00:00","description":"Finanzierung Harlander-Stiftung Ertr\u00e4ge Anlagen Spenden Spendenkonto gemeinn\u00fctzig","breadcrumb":{"@id":"https:\/\/www.harlander-stiftung.de\/?page_id=240#breadcrumb"},"inLanguage":"de","potentialAction":[{"@type":"ReadAction","target":["https:\/\/www.harlander-stiftung.de\/?page_id=240"]}]},{"@type":"BreadcrumbList","@id":"https:\/\/www.harlander-stiftung.de\/?page_id=240#breadcrumb","itemListElement":[{"@type":"ListItem","position":1,"name":"Startseite","item":"https:\/\/www.harlander-stiftung.de\/"},{"@type":"ListItem","position":2,"name":"Die Harlander-Stiftung","item":"https:\/\/www.harlander-stiftung.de\/?page_id=2"},{"@type":"ListItem","position":3,"name":"Finanzierung"}]},{"@type":"WebSite","@id":"https:\/\/www.harlander-stiftung.de\/#website","url":"https:\/\/www.harlander-stiftung.de\/","name":"Harlander-Stiftung","description":"Zukunft durch Bildung","publisher":{"@id":"https:\/\/www.harlander-stiftung.de\/#organization"},"potentialAction":[{"@type":"SearchAction","target":{"@type":"EntryPoint","urlTemplate":"https:\/\/www.harlander-stiftung.de\/?s={search_term_string}"},"query-input":{"@type":"PropertyValueSpecification","valueRequired":true,"valueName":"search_term_string"}}],"inLanguage":"de"},{"@type":"Organization","@id":"https:\/\/www.harlander-stiftung.de\/#organization","name":"Harlander-Stiftung","url":"https:\/\/www.harlander-stiftung.de\/","logo":{"@type":"ImageObject","inLanguage":"de","@id":"https:\/\/www.harlander-stiftung.de\/#\/schema\/logo\/image\/","url":"https:\/\/www.harlander-stiftung.de\/wp-content\/uploads\/2016\/02\/cropped-cropped-Galaxy-Desktop-Wallpapers-1.jpg","contentUrl":"https:\/\/www.harlander-stiftung.de\/wp-content\/uploads\/2016\/02\/cropped-cropped-Galaxy-Desktop-Wallpapers-1.jpg","width":290,"height":70,"caption":"Harlander-Stiftung"},"image":{"@id":"https:\/\/www.harlander-stiftung.de\/#\/schema\/logo\/image\/"}}]}},"_links":{"self":[{"href":"https:\/\/www.harlander-stiftung.de\/index.php?rest_route=\/wp\/v2\/pages\/240","targetHints":{"allow":["GET"]}}],"collection":[{"href":"https:\/\/www.harlander-stiftung.de\/index.php?rest_route=\/wp\/v2\/pages"}],"about":[{"href":"https:\/\/www.harlander-stiftung.de\/index.php?rest_route=\/wp\/v2\/types\/page"}],"author":[{"embeddable":true,"href":"https:\/\/www.harlander-stiftung.de\/index.php?rest_route=\/wp\/v2\/users\/2"}],"replies":[{"embeddable":true,"href":"https:\/\/www.harlander-stiftung.de\/index.php?rest_route=%2Fwp%2Fv2%2Fcomments&post=240"}],"version-history":[{"count":8,"href":"https:\/\/www.harlander-stiftung.de\/index.php?rest_route=\/wp\/v2\/pages\/240\/revisions"}],"predecessor-version":[{"id":421,"href":"https:\/\/www.harlander-stiftung.de\/index.php?rest_route=\/wp\/v2\/pages\/240\/revisions\/421"}],"up":[{"embeddable":true,"href":"https:\/\/www.harlander-stiftung.de\/index.php?rest_route=\/wp\/v2\/pages\/2"}],"wp:attachment":[{"href":"https:\/\/www.harlander-stiftung.de\/index.php?rest_route=%2Fwp%2Fv2%2Fmedia&parent=240"}],"curies":[{"name":"wp","href":"https:\/\/api.w.org\/{rel}","templated":true}]}}