{"id":293,"date":"2025-12-23T15:08:51","date_gmt":"2025-12-23T14:08:51","guid":{"rendered":"https:\/\/www.harlander-stiftung.de\/?page_id=293"},"modified":"2025-12-23T20:25:26","modified_gmt":"2025-12-23T19:25:26","slug":"corona-survival-program","status":"publish","type":"page","link":"https:\/\/www.harlander-stiftung.de\/?page_id=293","title":{"rendered":"Corona Survival Program"},"content":{"rendered":"\n<h3>Projekttitel:<\/h3>\n<p>Projekt \u201eCorona Survival Program\u201c der interkulturellen Beratungsstelle der Ludwigs-Maximilians-Universit\u00e4t M\u00fcnchen<\/p>\n<h3>Aktiv:<\/h3>\n<p>Aktiv in den Jahren: 2022<\/p>\n<h3><b>Status: <\/b><\/h3>\n<p>abgeschlossen<\/p>\n<h3><b>F\u00f6rderung insgesamt:<\/b><\/h3>\n<p>5.000 \u20ac<\/p>\n<h3><b>Beschreibung: <\/b><\/h3>\n<p>Die Harlander-Stiftung unterst\u00fctzte die Interkulturelle Beratungsstelle der LMU M\u00fcnchen bei einem Programm, mit dessen Hilfe internationale Langzeitstudierende bei Problemen, die durch die Corona-Krise ausgel\u00f6st wurden, unterst\u00fctzt werden. Die internationalen Langzeitstudierenden litten w\u00e4hrend der Corona-Pandemie unter besonderen Herausforderungen. So verf\u00fcgten sie in der Regel nicht \u00fcber ein ausreichend gro\u00dfes soziales Netz, dadurch waren sie in besonderem Ma\u00dfe einsam und hatten auch Zweifel an der Entscheidung, in Deutschland zu studieren. Vi4ele \u00fcberlegten, ihr Studium abzubrechen und in ein soziales Netz ins Heimatland zur\u00fcckzukehren. Im Rahmen des &#8222;Corona Survival Program&#8220; wurden psychokulturelle Coachings (448 teilnehmende Studierende), Workshops zur Selbstf\u00fcrsorge sowie sog. \u201eWalking Buddy Program\u201c angeboten. Beim Walking-Buddy Programm wurden internationale Studierende mit deutschen Studierenden f\u00fcr gemeinsame Spazierg\u00e4nge vernetzt. Dieses Programm erreichte 237 Studierende. Das gesamte &#8222;Corona Survival Program&#8220; wurde vom 1.3.2022 bis 1.10.2022 durchgef\u00fchrt.<\/p>\n<p>Die Harlander-Stiftung hatte sich f\u00fcr die Unterst\u00fctzung entschieden, weil es die gemeinn\u00fctzigen Zwecke der V\u00f6lkerverst\u00e4ndigung sowie der Bildung auf beste Weise miteinander kombinierte.<\/p>\n","protected":false},"excerpt":{"rendered":"<p>Projekttitel: Projekt \u201eCorona Survival Program\u201c der interkulturellen Beratungsstelle der Ludwigs-Maximilians-Universit\u00e4t M\u00fcnchen Aktiv: Aktiv in den Jahren: 2022 Status: abgeschlossen F\u00f6rderung insgesamt: 5.000 \u20ac Beschreibung: Die Harlander-Stiftung unterst\u00fctzte die Interkulturelle Beratungsstelle der LMU M\u00fcnchen bei einem Programm, mit dessen Hilfe internationale Langzeitstudierende bei Problemen, die durch die Corona-Krise ausgel\u00f6st wurden, unterst\u00fctzt werden. Die internationalen Langzeitstudierenden litten w\u00e4hrend der Corona-Pandemie unter besonderen Herausforderungen. So verf\u00fcgten sie in der Regel nicht \u00fcber ein&hellip;<\/p>\n","protected":false},"author":1,"featured_media":340,"parent":286,"menu_order":0,"comment_status":"closed","ping_status":"closed","template":"","meta":{"_acf_changed":false,"footnotes":""},"class_list":["post-293","page","type-page","status-publish","has-post-thumbnail","hentry"],"acf":[],"yoast_head":"<!-- This site is optimized with the Yoast SEO plugin v27.5 - https:\/\/yoast.com\/product\/yoast-seo-wordpress\/ -->\n<title>Corona Survival Program - Harlander-Stiftung<\/title>\n<meta name=\"robots\" content=\"index, follow, max-snippet:-1, max-image-preview:large, max-video-preview:-1\" \/>\n<link rel=\"canonical\" href=\"https:\/\/www.harlander-stiftung.de\/?page_id=293\" \/>\n<meta property=\"og:locale\" content=\"de_DE\" \/>\n<meta property=\"og:type\" content=\"article\" \/>\n<meta property=\"og:title\" content=\"Corona Survival Program - Harlander-Stiftung\" \/>\n<meta property=\"og:description\" content=\"Projekttitel: Projekt \u201eCorona Survival Program\u201c der interkulturellen Beratungsstelle der Ludwigs-Maximilians-Universit\u00e4t M\u00fcnchen Aktiv: Aktiv in den Jahren: 2022 Status: abgeschlossen F\u00f6rderung insgesamt: 5.000 \u20ac Beschreibung: Die Harlander-Stiftung unterst\u00fctzte die Interkulturelle Beratungsstelle der LMU M\u00fcnchen bei einem Programm, mit dessen Hilfe internationale Langzeitstudierende bei Problemen, die durch die Corona-Krise ausgel\u00f6st wurden, unterst\u00fctzt werden. Die internationalen Langzeitstudierenden litten w\u00e4hrend der Corona-Pandemie unter besonderen Herausforderungen. So verf\u00fcgten sie in der Regel nicht \u00fcber ein&hellip;\" \/>\n<meta property=\"og:url\" content=\"https:\/\/www.harlander-stiftung.de\/?page_id=293\" \/>\n<meta property=\"og:site_name\" content=\"Harlander-Stiftung\" \/>\n<meta property=\"article:modified_time\" content=\"2025-12-23T19:25:26+00:00\" \/>\n<meta property=\"og:image\" content=\"https:\/\/www.harlander-stiftung.de\/wp-content\/uploads\/2025\/12\/ffp-maske.jpg\" \/>\n\t<meta property=\"og:image:width\" content=\"1920\" \/>\n\t<meta property=\"og:image:height\" content=\"1080\" \/>\n\t<meta property=\"og:image:type\" content=\"image\/jpeg\" \/>\n<meta name=\"twitter:card\" content=\"summary_large_image\" \/>\n<meta name=\"twitter:label1\" content=\"Gesch\u00e4tzte Lesezeit\" \/>\n\t<meta name=\"twitter:data1\" content=\"1\u00a0Minute\" \/>\n<script type=\"application\/ld+json\" class=\"yoast-schema-graph\">{\"@context\":\"https:\\\/\\\/schema.org\",\"@graph\":[{\"@type\":\"WebPage\",\"@id\":\"https:\\\/\\\/www.harlander-stiftung.de\\\/?page_id=293\",\"url\":\"https:\\\/\\\/www.harlander-stiftung.de\\\/?page_id=293\",\"name\":\"Corona Survival Program - Harlander-Stiftung\",\"isPartOf\":{\"@id\":\"https:\\\/\\\/www.harlander-stiftung.de\\\/#website\"},\"primaryImageOfPage\":{\"@id\":\"https:\\\/\\\/www.harlander-stiftung.de\\\/?page_id=293#primaryimage\"},\"image\":{\"@id\":\"https:\\\/\\\/www.harlander-stiftung.de\\\/?page_id=293#primaryimage\"},\"thumbnailUrl\":\"https:\\\/\\\/www.harlander-stiftung.de\\\/wp-content\\\/uploads\\\/2025\\\/12\\\/ffp-maske.jpg\",\"datePublished\":\"2025-12-23T14:08:51+00:00\",\"dateModified\":\"2025-12-23T19:25:26+00:00\",\"breadcrumb\":{\"@id\":\"https:\\\/\\\/www.harlander-stiftung.de\\\/?page_id=293#breadcrumb\"},\"inLanguage\":\"de\",\"potentialAction\":[{\"@type\":\"ReadAction\",\"target\":[\"https:\\\/\\\/www.harlander-stiftung.de\\\/?page_id=293\"]}]},{\"@type\":\"ImageObject\",\"inLanguage\":\"de\",\"@id\":\"https:\\\/\\\/www.harlander-stiftung.de\\\/?page_id=293#primaryimage\",\"url\":\"https:\\\/\\\/www.harlander-stiftung.de\\\/wp-content\\\/uploads\\\/2025\\\/12\\\/ffp-maske.jpg\",\"contentUrl\":\"https:\\\/\\\/www.harlander-stiftung.de\\\/wp-content\\\/uploads\\\/2025\\\/12\\\/ffp-maske.jpg\",\"width\":1920,\"height\":1080},{\"@type\":\"BreadcrumbList\",\"@id\":\"https:\\\/\\\/www.harlander-stiftung.de\\\/?page_id=293#breadcrumb\",\"itemListElement\":[{\"@type\":\"ListItem\",\"position\":1,\"name\":\"Startseite\",\"item\":\"https:\\\/\\\/www.harlander-stiftung.de\\\/\"},{\"@type\":\"ListItem\",\"position\":2,\"name\":\"Unsere Projekte\",\"item\":\"https:\\\/\\\/www.harlander-stiftung.de\\\/?page_id=286\"},{\"@type\":\"ListItem\",\"position\":3,\"name\":\"Corona Survival Program\"}]},{\"@type\":\"WebSite\",\"@id\":\"https:\\\/\\\/www.harlander-stiftung.de\\\/#website\",\"url\":\"https:\\\/\\\/www.harlander-stiftung.de\\\/\",\"name\":\"Harlander-Stiftung\",\"description\":\"Zukunft durch Bildung\",\"publisher\":{\"@id\":\"https:\\\/\\\/www.harlander-stiftung.de\\\/#organization\"},\"potentialAction\":[{\"@type\":\"SearchAction\",\"target\":{\"@type\":\"EntryPoint\",\"urlTemplate\":\"https:\\\/\\\/www.harlander-stiftung.de\\\/?s={search_term_string}\"},\"query-input\":{\"@type\":\"PropertyValueSpecification\",\"valueRequired\":true,\"valueName\":\"search_term_string\"}}],\"inLanguage\":\"de\"},{\"@type\":\"Organization\",\"@id\":\"https:\\\/\\\/www.harlander-stiftung.de\\\/#organization\",\"name\":\"Harlander-Stiftung\",\"url\":\"https:\\\/\\\/www.harlander-stiftung.de\\\/\",\"logo\":{\"@type\":\"ImageObject\",\"inLanguage\":\"de\",\"@id\":\"https:\\\/\\\/www.harlander-stiftung.de\\\/#\\\/schema\\\/logo\\\/image\\\/\",\"url\":\"https:\\\/\\\/www.harlander-stiftung.de\\\/wp-content\\\/uploads\\\/2016\\\/02\\\/cropped-cropped-Galaxy-Desktop-Wallpapers-1.jpg\",\"contentUrl\":\"https:\\\/\\\/www.harlander-stiftung.de\\\/wp-content\\\/uploads\\\/2016\\\/02\\\/cropped-cropped-Galaxy-Desktop-Wallpapers-1.jpg\",\"width\":290,\"height\":70,\"caption\":\"Harlander-Stiftung\"},\"image\":{\"@id\":\"https:\\\/\\\/www.harlander-stiftung.de\\\/#\\\/schema\\\/logo\\\/image\\\/\"}}]}<\/script>\n<!-- \/ Yoast SEO plugin. -->","yoast_head_json":{"title":"Corona Survival Program - Harlander-Stiftung","robots":{"index":"index","follow":"follow","max-snippet":"max-snippet:-1","max-image-preview":"max-image-preview:large","max-video-preview":"max-video-preview:-1"},"canonical":"https:\/\/www.harlander-stiftung.de\/?page_id=293","og_locale":"de_DE","og_type":"article","og_title":"Corona Survival Program - Harlander-Stiftung","og_description":"Projekttitel: Projekt \u201eCorona Survival Program\u201c der interkulturellen Beratungsstelle der Ludwigs-Maximilians-Universit\u00e4t M\u00fcnchen Aktiv: Aktiv in den Jahren: 2022 Status: abgeschlossen F\u00f6rderung insgesamt: 5.000 \u20ac Beschreibung: Die Harlander-Stiftung unterst\u00fctzte die Interkulturelle Beratungsstelle der LMU M\u00fcnchen bei einem Programm, mit dessen Hilfe internationale Langzeitstudierende bei Problemen, die durch die Corona-Krise ausgel\u00f6st wurden, unterst\u00fctzt werden. Die internationalen Langzeitstudierenden litten w\u00e4hrend der Corona-Pandemie unter besonderen Herausforderungen. So verf\u00fcgten sie in der Regel nicht \u00fcber ein&hellip;","og_url":"https:\/\/www.harlander-stiftung.de\/?page_id=293","og_site_name":"Harlander-Stiftung","article_modified_time":"2025-12-23T19:25:26+00:00","og_image":[{"width":1920,"height":1080,"url":"https:\/\/www.harlander-stiftung.de\/wp-content\/uploads\/2025\/12\/ffp-maske.jpg","type":"image\/jpeg"}],"twitter_card":"summary_large_image","twitter_misc":{"Gesch\u00e4tzte Lesezeit":"1\u00a0Minute"},"schema":{"@context":"https:\/\/schema.org","@graph":[{"@type":"WebPage","@id":"https:\/\/www.harlander-stiftung.de\/?page_id=293","url":"https:\/\/www.harlander-stiftung.de\/?page_id=293","name":"Corona Survival Program - Harlander-Stiftung","isPartOf":{"@id":"https:\/\/www.harlander-stiftung.de\/#website"},"primaryImageOfPage":{"@id":"https:\/\/www.harlander-stiftung.de\/?page_id=293#primaryimage"},"image":{"@id":"https:\/\/www.harlander-stiftung.de\/?page_id=293#primaryimage"},"thumbnailUrl":"https:\/\/www.harlander-stiftung.de\/wp-content\/uploads\/2025\/12\/ffp-maske.jpg","datePublished":"2025-12-23T14:08:51+00:00","dateModified":"2025-12-23T19:25:26+00:00","breadcrumb":{"@id":"https:\/\/www.harlander-stiftung.de\/?page_id=293#breadcrumb"},"inLanguage":"de","potentialAction":[{"@type":"ReadAction","target":["https:\/\/www.harlander-stiftung.de\/?page_id=293"]}]},{"@type":"ImageObject","inLanguage":"de","@id":"https:\/\/www.harlander-stiftung.de\/?page_id=293#primaryimage","url":"https:\/\/www.harlander-stiftung.de\/wp-content\/uploads\/2025\/12\/ffp-maske.jpg","contentUrl":"https:\/\/www.harlander-stiftung.de\/wp-content\/uploads\/2025\/12\/ffp-maske.jpg","width":1920,"height":1080},{"@type":"BreadcrumbList","@id":"https:\/\/www.harlander-stiftung.de\/?page_id=293#breadcrumb","itemListElement":[{"@type":"ListItem","position":1,"name":"Startseite","item":"https:\/\/www.harlander-stiftung.de\/"},{"@type":"ListItem","position":2,"name":"Unsere Projekte","item":"https:\/\/www.harlander-stiftung.de\/?page_id=286"},{"@type":"ListItem","position":3,"name":"Corona Survival Program"}]},{"@type":"WebSite","@id":"https:\/\/www.harlander-stiftung.de\/#website","url":"https:\/\/www.harlander-stiftung.de\/","name":"Harlander-Stiftung","description":"Zukunft durch Bildung","publisher":{"@id":"https:\/\/www.harlander-stiftung.de\/#organization"},"potentialAction":[{"@type":"SearchAction","target":{"@type":"EntryPoint","urlTemplate":"https:\/\/www.harlander-stiftung.de\/?s={search_term_string}"},"query-input":{"@type":"PropertyValueSpecification","valueRequired":true,"valueName":"search_term_string"}}],"inLanguage":"de"},{"@type":"Organization","@id":"https:\/\/www.harlander-stiftung.de\/#organization","name":"Harlander-Stiftung","url":"https:\/\/www.harlander-stiftung.de\/","logo":{"@type":"ImageObject","inLanguage":"de","@id":"https:\/\/www.harlander-stiftung.de\/#\/schema\/logo\/image\/","url":"https:\/\/www.harlander-stiftung.de\/wp-content\/uploads\/2016\/02\/cropped-cropped-Galaxy-Desktop-Wallpapers-1.jpg","contentUrl":"https:\/\/www.harlander-stiftung.de\/wp-content\/uploads\/2016\/02\/cropped-cropped-Galaxy-Desktop-Wallpapers-1.jpg","width":290,"height":70,"caption":"Harlander-Stiftung"},"image":{"@id":"https:\/\/www.harlander-stiftung.de\/#\/schema\/logo\/image\/"}}]}},"_links":{"self":[{"href":"https:\/\/www.harlander-stiftung.de\/index.php?rest_route=\/wp\/v2\/pages\/293","targetHints":{"allow":["GET"]}}],"collection":[{"href":"https:\/\/www.harlander-stiftung.de\/index.php?rest_route=\/wp\/v2\/pages"}],"about":[{"href":"https:\/\/www.harlander-stiftung.de\/index.php?rest_route=\/wp\/v2\/types\/page"}],"author":[{"embeddable":true,"href":"https:\/\/www.harlander-stiftung.de\/index.php?rest_route=\/wp\/v2\/users\/1"}],"replies":[{"embeddable":true,"href":"https:\/\/www.harlander-stiftung.de\/index.php?rest_route=%2Fwp%2Fv2%2Fcomments&post=293"}],"version-history":[{"count":5,"href":"https:\/\/www.harlander-stiftung.de\/index.php?rest_route=\/wp\/v2\/pages\/293\/revisions"}],"predecessor-version":[{"id":366,"href":"https:\/\/www.harlander-stiftung.de\/index.php?rest_route=\/wp\/v2\/pages\/293\/revisions\/366"}],"up":[{"embeddable":true,"href":"https:\/\/www.harlander-stiftung.de\/index.php?rest_route=\/wp\/v2\/pages\/286"}],"wp:featuredmedia":[{"embeddable":true,"href":"https:\/\/www.harlander-stiftung.de\/index.php?rest_route=\/wp\/v2\/media\/340"}],"wp:attachment":[{"href":"https:\/\/www.harlander-stiftung.de\/index.php?rest_route=%2Fwp%2Fv2%2Fmedia&parent=293"}],"curies":[{"name":"wp","href":"https:\/\/api.w.org\/{rel}","templated":true}]}}