{"id":303,"date":"2025-12-23T15:38:06","date_gmt":"2025-12-23T14:38:06","guid":{"rendered":"https:\/\/www.harlander-stiftung.de\/?page_id=303"},"modified":"2025-12-23T20:39:35","modified_gmt":"2025-12-23T19:39:35","slug":"schachstiftung","status":"publish","type":"page","link":"https:\/\/www.harlander-stiftung.de\/?page_id=303","title":{"rendered":"Schachstiftung"},"content":{"rendered":"\n<h3>Projekttitel<\/h3>\n\n\n\n<p>Projekt \u201eM\u00fcnchner Schachstiftung\u201c<\/p>\n<h3>Aktiv<\/h3>\n<p>Aktiv in den Jahren: 2018, 2022<\/p>\n<h3>Status:<\/h3>\n<p>ruhend<\/p>\n<h3>Bisherige F\u00f6rderung insgesamt:<\/h3>\n<p>2.500 \u20ac<\/p>\n<h3><b>Beschreibung:<\/b><\/h3>\n<p><span style=\"font-size: small;\">Nach einer Vielzahl von Untersuchungen ist das regelm\u00e4\u00dfige Schachspiel bei Kindern dazu geeignet, kognitive F\u00e4higkeiten, insbesondere auch im mathematischen Bereich, nachhaltig zu verbessern. Die gemeinn\u00fctzige M\u00fcnchner Schachstiftung f\u00f6rdert daher das Schachspiel gezielt an Grundschulen in M\u00fcnchen, indem Schulklassen mit Material ausgestattet werden sowie professioneller Unterricht finanziert wird. Dabei stehen Schulklassen in sogenannten sozialen Brennpunkten im Vordergrund. Die Harlander-Stiftung unterst\u00fctzte die M\u00fcnchner Schachstiftung mit Spenden bei der Anschaffung von Material f\u00fcr Schulklassen in M\u00fcnchen.<\/span><\/p>\n\n\n\n<div class=\"wp-block-query is-layout-flow wp-block-query-is-layout-flow\"><ul class=\"wp-block-post-template is-layout-flow wp-block-post-template-is-layout-flow\"><li class=\"wp-block-post post-205 post type-post status-publish format-standard has-post-thumbnail hentry category-mint category-schach tag-mathematik tag-schach tag-schachstiftung tag-spende\">\n\n<div class=\"wp-block-columns alignwide is-layout-flex wp-container-core-columns-is-layout-9d6595d7 wp-block-columns-is-layout-flex\">\n<div class=\"wp-block-column is-layout-flow wp-block-column-is-layout-flow\" style=\"flex-basis:66.66%\"><figure class=\"wp-block-post-featured-image\"><a href=\"https:\/\/www.harlander-stiftung.de\/?p=205\" target=\"_self\"  ><img loading=\"lazy\" decoding=\"async\" width=\"340\" height=\"240\" src=\"https:\/\/www.harlander-stiftung.de\/wp-content\/uploads\/2018\/12\/1000-Schererplatz_10-340x240.jpg\" class=\"attachment-post-thumbnail size-post-thumbnail wp-post-image\" alt=\"Spende f\u00fcr die M\u00fcnchner Schachstiftung geht an die Grundschule am Schererplatz in Pasing\" style=\"object-fit:cover;\" \/><\/a><\/figure><\/div>\n\n\n\n<div class=\"wp-block-column is-layout-flow wp-block-column-is-layout-flow\" style=\"flex-basis:33.33%\"><h2 class=\"wp-block-post-title\"><a href=\"https:\/\/www.harlander-stiftung.de\/?p=205\" target=\"_self\" >Spende f\u00fcr die M\u00fcnchner Schachstiftung geht an die Grundschule am Schererplatz in Pasing<\/a><\/h2>\n\n<div class=\"wp-block-post-excerpt\"><p class=\"wp-block-post-excerpt__excerpt\">Leuchtende Augen und strahlende Gesichter empfangen uns in der Grundschule am Schererplatz in Pasing. Die Klassen 3dg und 4cg erwarten uns schon sehnlichst und bereiten uns dann einen herzlichen Empfang mit Gedichten und Liedern. Die M\u00fcnchner Schachstiftung unterst\u00fctzt hier mehrere Klassen durch einen in die gebundene Ganztagsschule integrierten Schachunterricht. Die Harlander-Stiftung hat sich die F\u00f6rderung&hellip; <\/p><\/div><\/div>\n<\/div>\n\n<\/li><\/ul><\/div>\n","protected":false},"excerpt":{"rendered":"<p>Projekttitel Projekt \u201eM\u00fcnchner Schachstiftung\u201c Aktiv Aktiv in den Jahren: 2018, 2022 Status: ruhend Bisherige F\u00f6rderung insgesamt: 2.500 \u20ac Beschreibung: Nach einer Vielzahl von Untersuchungen ist das regelm\u00e4\u00dfige Schachspiel bei Kindern dazu geeignet, kognitive F\u00e4higkeiten, insbesondere auch im mathematischen Bereich, nachhaltig zu verbessern. Die gemeinn\u00fctzige M\u00fcnchner Schachstiftung f\u00f6rdert daher das Schachspiel gezielt an Grundschulen in M\u00fcnchen, indem Schulklassen mit Material ausgestattet werden sowie professioneller Unterricht finanziert wird. Dabei stehen Schulklassen in&hellip;<\/p>\n","protected":false},"author":1,"featured_media":208,"parent":286,"menu_order":0,"comment_status":"closed","ping_status":"closed","template":"","meta":{"_acf_changed":false,"footnotes":""},"class_list":["post-303","page","type-page","status-publish","has-post-thumbnail","hentry"],"acf":[],"yoast_head":"<!-- This site is optimized with the Yoast SEO plugin v27.5 - https:\/\/yoast.com\/product\/yoast-seo-wordpress\/ -->\n<title>Schachstiftung - Harlander-Stiftung<\/title>\n<meta name=\"robots\" content=\"index, follow, max-snippet:-1, max-image-preview:large, max-video-preview:-1\" \/>\n<link rel=\"canonical\" href=\"https:\/\/www.harlander-stiftung.de\/?page_id=303\" \/>\n<meta property=\"og:locale\" content=\"de_DE\" \/>\n<meta property=\"og:type\" content=\"article\" \/>\n<meta property=\"og:title\" content=\"Schachstiftung - Harlander-Stiftung\" \/>\n<meta property=\"og:description\" content=\"Projekttitel Projekt \u201eM\u00fcnchner Schachstiftung\u201c Aktiv Aktiv in den Jahren: 2018, 2022 Status: ruhend Bisherige F\u00f6rderung insgesamt: 2.500 \u20ac Beschreibung: Nach einer Vielzahl von Untersuchungen ist das regelm\u00e4\u00dfige Schachspiel bei Kindern dazu geeignet, kognitive F\u00e4higkeiten, insbesondere auch im mathematischen Bereich, nachhaltig zu verbessern. Die gemeinn\u00fctzige M\u00fcnchner Schachstiftung f\u00f6rdert daher das Schachspiel gezielt an Grundschulen in M\u00fcnchen, indem Schulklassen mit Material ausgestattet werden sowie professioneller Unterricht finanziert wird. Dabei stehen Schulklassen in&hellip;\" \/>\n<meta property=\"og:url\" content=\"https:\/\/www.harlander-stiftung.de\/?page_id=303\" \/>\n<meta property=\"og:site_name\" content=\"Harlander-Stiftung\" \/>\n<meta property=\"article:modified_time\" content=\"2025-12-23T19:39:35+00:00\" \/>\n<meta property=\"og:image\" content=\"https:\/\/www.harlander-stiftung.de\/wp-content\/uploads\/2018\/12\/1000-Schererplatz_9.jpg\" \/>\n\t<meta property=\"og:image:width\" content=\"1000\" \/>\n\t<meta property=\"og:image:height\" content=\"750\" \/>\n\t<meta property=\"og:image:type\" content=\"image\/jpeg\" \/>\n<meta name=\"twitter:card\" content=\"summary_large_image\" \/>\n<meta name=\"twitter:label1\" content=\"Gesch\u00e4tzte Lesezeit\" \/>\n\t<meta name=\"twitter:data1\" content=\"1\u00a0Minute\" \/>\n<script type=\"application\/ld+json\" class=\"yoast-schema-graph\">{\"@context\":\"https:\\\/\\\/schema.org\",\"@graph\":[{\"@type\":\"WebPage\",\"@id\":\"https:\\\/\\\/www.harlander-stiftung.de\\\/?page_id=303\",\"url\":\"https:\\\/\\\/www.harlander-stiftung.de\\\/?page_id=303\",\"name\":\"Schachstiftung - Harlander-Stiftung\",\"isPartOf\":{\"@id\":\"https:\\\/\\\/www.harlander-stiftung.de\\\/#website\"},\"primaryImageOfPage\":{\"@id\":\"https:\\\/\\\/www.harlander-stiftung.de\\\/?page_id=303#primaryimage\"},\"image\":{\"@id\":\"https:\\\/\\\/www.harlander-stiftung.de\\\/?page_id=303#primaryimage\"},\"thumbnailUrl\":\"https:\\\/\\\/www.harlander-stiftung.de\\\/wp-content\\\/uploads\\\/2018\\\/12\\\/1000-Schererplatz_9.jpg\",\"datePublished\":\"2025-12-23T14:38:06+00:00\",\"dateModified\":\"2025-12-23T19:39:35+00:00\",\"breadcrumb\":{\"@id\":\"https:\\\/\\\/www.harlander-stiftung.de\\\/?page_id=303#breadcrumb\"},\"inLanguage\":\"de\",\"potentialAction\":[{\"@type\":\"ReadAction\",\"target\":[\"https:\\\/\\\/www.harlander-stiftung.de\\\/?page_id=303\"]}]},{\"@type\":\"ImageObject\",\"inLanguage\":\"de\",\"@id\":\"https:\\\/\\\/www.harlander-stiftung.de\\\/?page_id=303#primaryimage\",\"url\":\"https:\\\/\\\/www.harlander-stiftung.de\\\/wp-content\\\/uploads\\\/2018\\\/12\\\/1000-Schererplatz_9.jpg\",\"contentUrl\":\"https:\\\/\\\/www.harlander-stiftung.de\\\/wp-content\\\/uploads\\\/2018\\\/12\\\/1000-Schererplatz_9.jpg\",\"width\":1000,\"height\":750},{\"@type\":\"BreadcrumbList\",\"@id\":\"https:\\\/\\\/www.harlander-stiftung.de\\\/?page_id=303#breadcrumb\",\"itemListElement\":[{\"@type\":\"ListItem\",\"position\":1,\"name\":\"Startseite\",\"item\":\"https:\\\/\\\/www.harlander-stiftung.de\\\/\"},{\"@type\":\"ListItem\",\"position\":2,\"name\":\"Unsere Projekte\",\"item\":\"https:\\\/\\\/www.harlander-stiftung.de\\\/?page_id=286\"},{\"@type\":\"ListItem\",\"position\":3,\"name\":\"Schachstiftung\"}]},{\"@type\":\"WebSite\",\"@id\":\"https:\\\/\\\/www.harlander-stiftung.de\\\/#website\",\"url\":\"https:\\\/\\\/www.harlander-stiftung.de\\\/\",\"name\":\"Harlander-Stiftung\",\"description\":\"Zukunft durch Bildung\",\"publisher\":{\"@id\":\"https:\\\/\\\/www.harlander-stiftung.de\\\/#organization\"},\"potentialAction\":[{\"@type\":\"SearchAction\",\"target\":{\"@type\":\"EntryPoint\",\"urlTemplate\":\"https:\\\/\\\/www.harlander-stiftung.de\\\/?s={search_term_string}\"},\"query-input\":{\"@type\":\"PropertyValueSpecification\",\"valueRequired\":true,\"valueName\":\"search_term_string\"}}],\"inLanguage\":\"de\"},{\"@type\":\"Organization\",\"@id\":\"https:\\\/\\\/www.harlander-stiftung.de\\\/#organization\",\"name\":\"Harlander-Stiftung\",\"url\":\"https:\\\/\\\/www.harlander-stiftung.de\\\/\",\"logo\":{\"@type\":\"ImageObject\",\"inLanguage\":\"de\",\"@id\":\"https:\\\/\\\/www.harlander-stiftung.de\\\/#\\\/schema\\\/logo\\\/image\\\/\",\"url\":\"https:\\\/\\\/www.harlander-stiftung.de\\\/wp-content\\\/uploads\\\/2016\\\/02\\\/cropped-cropped-Galaxy-Desktop-Wallpapers-1.jpg\",\"contentUrl\":\"https:\\\/\\\/www.harlander-stiftung.de\\\/wp-content\\\/uploads\\\/2016\\\/02\\\/cropped-cropped-Galaxy-Desktop-Wallpapers-1.jpg\",\"width\":290,\"height\":70,\"caption\":\"Harlander-Stiftung\"},\"image\":{\"@id\":\"https:\\\/\\\/www.harlander-stiftung.de\\\/#\\\/schema\\\/logo\\\/image\\\/\"}}]}<\/script>\n<!-- \/ Yoast SEO plugin. -->","yoast_head_json":{"title":"Schachstiftung - Harlander-Stiftung","robots":{"index":"index","follow":"follow","max-snippet":"max-snippet:-1","max-image-preview":"max-image-preview:large","max-video-preview":"max-video-preview:-1"},"canonical":"https:\/\/www.harlander-stiftung.de\/?page_id=303","og_locale":"de_DE","og_type":"article","og_title":"Schachstiftung - Harlander-Stiftung","og_description":"Projekttitel Projekt \u201eM\u00fcnchner Schachstiftung\u201c Aktiv Aktiv in den Jahren: 2018, 2022 Status: ruhend Bisherige F\u00f6rderung insgesamt: 2.500 \u20ac Beschreibung: Nach einer Vielzahl von Untersuchungen ist das regelm\u00e4\u00dfige Schachspiel bei Kindern dazu geeignet, kognitive F\u00e4higkeiten, insbesondere auch im mathematischen Bereich, nachhaltig zu verbessern. Die gemeinn\u00fctzige M\u00fcnchner Schachstiftung f\u00f6rdert daher das Schachspiel gezielt an Grundschulen in M\u00fcnchen, indem Schulklassen mit Material ausgestattet werden sowie professioneller Unterricht finanziert wird. Dabei stehen Schulklassen in&hellip;","og_url":"https:\/\/www.harlander-stiftung.de\/?page_id=303","og_site_name":"Harlander-Stiftung","article_modified_time":"2025-12-23T19:39:35+00:00","og_image":[{"width":1000,"height":750,"url":"https:\/\/www.harlander-stiftung.de\/wp-content\/uploads\/2018\/12\/1000-Schererplatz_9.jpg","type":"image\/jpeg"}],"twitter_card":"summary_large_image","twitter_misc":{"Gesch\u00e4tzte Lesezeit":"1\u00a0Minute"},"schema":{"@context":"https:\/\/schema.org","@graph":[{"@type":"WebPage","@id":"https:\/\/www.harlander-stiftung.de\/?page_id=303","url":"https:\/\/www.harlander-stiftung.de\/?page_id=303","name":"Schachstiftung - Harlander-Stiftung","isPartOf":{"@id":"https:\/\/www.harlander-stiftung.de\/#website"},"primaryImageOfPage":{"@id":"https:\/\/www.harlander-stiftung.de\/?page_id=303#primaryimage"},"image":{"@id":"https:\/\/www.harlander-stiftung.de\/?page_id=303#primaryimage"},"thumbnailUrl":"https:\/\/www.harlander-stiftung.de\/wp-content\/uploads\/2018\/12\/1000-Schererplatz_9.jpg","datePublished":"2025-12-23T14:38:06+00:00","dateModified":"2025-12-23T19:39:35+00:00","breadcrumb":{"@id":"https:\/\/www.harlander-stiftung.de\/?page_id=303#breadcrumb"},"inLanguage":"de","potentialAction":[{"@type":"ReadAction","target":["https:\/\/www.harlander-stiftung.de\/?page_id=303"]}]},{"@type":"ImageObject","inLanguage":"de","@id":"https:\/\/www.harlander-stiftung.de\/?page_id=303#primaryimage","url":"https:\/\/www.harlander-stiftung.de\/wp-content\/uploads\/2018\/12\/1000-Schererplatz_9.jpg","contentUrl":"https:\/\/www.harlander-stiftung.de\/wp-content\/uploads\/2018\/12\/1000-Schererplatz_9.jpg","width":1000,"height":750},{"@type":"BreadcrumbList","@id":"https:\/\/www.harlander-stiftung.de\/?page_id=303#breadcrumb","itemListElement":[{"@type":"ListItem","position":1,"name":"Startseite","item":"https:\/\/www.harlander-stiftung.de\/"},{"@type":"ListItem","position":2,"name":"Unsere Projekte","item":"https:\/\/www.harlander-stiftung.de\/?page_id=286"},{"@type":"ListItem","position":3,"name":"Schachstiftung"}]},{"@type":"WebSite","@id":"https:\/\/www.harlander-stiftung.de\/#website","url":"https:\/\/www.harlander-stiftung.de\/","name":"Harlander-Stiftung","description":"Zukunft durch Bildung","publisher":{"@id":"https:\/\/www.harlander-stiftung.de\/#organization"},"potentialAction":[{"@type":"SearchAction","target":{"@type":"EntryPoint","urlTemplate":"https:\/\/www.harlander-stiftung.de\/?s={search_term_string}"},"query-input":{"@type":"PropertyValueSpecification","valueRequired":true,"valueName":"search_term_string"}}],"inLanguage":"de"},{"@type":"Organization","@id":"https:\/\/www.harlander-stiftung.de\/#organization","name":"Harlander-Stiftung","url":"https:\/\/www.harlander-stiftung.de\/","logo":{"@type":"ImageObject","inLanguage":"de","@id":"https:\/\/www.harlander-stiftung.de\/#\/schema\/logo\/image\/","url":"https:\/\/www.harlander-stiftung.de\/wp-content\/uploads\/2016\/02\/cropped-cropped-Galaxy-Desktop-Wallpapers-1.jpg","contentUrl":"https:\/\/www.harlander-stiftung.de\/wp-content\/uploads\/2016\/02\/cropped-cropped-Galaxy-Desktop-Wallpapers-1.jpg","width":290,"height":70,"caption":"Harlander-Stiftung"},"image":{"@id":"https:\/\/www.harlander-stiftung.de\/#\/schema\/logo\/image\/"}}]}},"_links":{"self":[{"href":"https:\/\/www.harlander-stiftung.de\/index.php?rest_route=\/wp\/v2\/pages\/303","targetHints":{"allow":["GET"]}}],"collection":[{"href":"https:\/\/www.harlander-stiftung.de\/index.php?rest_route=\/wp\/v2\/pages"}],"about":[{"href":"https:\/\/www.harlander-stiftung.de\/index.php?rest_route=\/wp\/v2\/types\/page"}],"author":[{"embeddable":true,"href":"https:\/\/www.harlander-stiftung.de\/index.php?rest_route=\/wp\/v2\/users\/1"}],"replies":[{"embeddable":true,"href":"https:\/\/www.harlander-stiftung.de\/index.php?rest_route=%2Fwp%2Fv2%2Fcomments&post=303"}],"version-history":[{"count":5,"href":"https:\/\/www.harlander-stiftung.de\/index.php?rest_route=\/wp\/v2\/pages\/303\/revisions"}],"predecessor-version":[{"id":378,"href":"https:\/\/www.harlander-stiftung.de\/index.php?rest_route=\/wp\/v2\/pages\/303\/revisions\/378"}],"up":[{"embeddable":true,"href":"https:\/\/www.harlander-stiftung.de\/index.php?rest_route=\/wp\/v2\/pages\/286"}],"wp:featuredmedia":[{"embeddable":true,"href":"https:\/\/www.harlander-stiftung.de\/index.php?rest_route=\/wp\/v2\/media\/208"}],"wp:attachment":[{"href":"https:\/\/www.harlander-stiftung.de\/index.php?rest_route=%2Fwp%2Fv2%2Fmedia&parent=303"}],"curies":[{"name":"wp","href":"https:\/\/api.w.org\/{rel}","templated":true}]}}