{"id":307,"date":"2025-12-23T15:44:36","date_gmt":"2025-12-23T14:44:36","guid":{"rendered":"https:\/\/www.harlander-stiftung.de\/?page_id=307"},"modified":"2026-01-09T16:39:44","modified_gmt":"2026-01-09T15:39:44","slug":"jugendmanschaften-des-svh","status":"publish","type":"page","link":"https:\/\/www.harlander-stiftung.de\/?page_id=307","title":{"rendered":"Ausstattung Jugendfu\u00dfball SV Heimstetten"},"content":{"rendered":"\n<ul class=\"wp-block-post-template is-layout-flow wp-block-post-template-is-layout-flow\">\n<li class=\"wp-block-post post-201 post type-post status-publish format-standard hentry category-fussball\">\n<div class=\"wp-block-columns alignwide is-layout-flex wp-container-core-columns-is-layout-9d6595d7 wp-block-columns-is-layout-flex\">\n<div class=\"wp-block-column is-layout-flow wp-block-column-is-layout-flow\">\n<h3><b>Projekttitel:<\/b><\/h3>\n<p>Projekt \u201eAusstattung Jugendfussball SV Heimstetten\u201c<\/p>\n<h3>Aktiv:<\/h3>\n<p>Aktiv in den Jahren: 2016, 2017, 2018, 2019, 2022<\/p>\n<h3><b>Status:<\/b><\/h3>\n<p>ruhend;<\/p>\n<h3><b>Bisherige F\u00f6rderung insgesamt:<\/b><\/h3>\n<p>12.327,10 \u20ac<\/p>\n<h3><b>Beschreibung:<\/b><\/h3>\n<p>Wie bei jedem Sportverein sucht auch der SV Heimstetten stets Trikotsponsoren. Bei den Jugendmannschaften k\u00f6nnen meistens nur so die Kosten f\u00fcr die Trikots aufgebracht werden. Trikots f\u00fcr den SV Heimstetten zu spenden war tats\u00e4chlich das allererste Projekt der Harlander-Stiftung gewesen.<\/p>\n<\/div>\n<\/div>\n<\/li>\n<\/ul>\n","protected":false},"excerpt":{"rendered":"<p>Projekttitel: Projekt \u201eAusstattung Jugendfussball SV Heimstetten\u201c Aktiv: Aktiv in den Jahren: 2016, 2017, 2018, 2019, 2022 Status: ruhend; Bisherige F\u00f6rderung insgesamt: 12.327,10 \u20ac Beschreibung: Wie bei jedem Sportverein sucht auch der SV Heimstetten stets Trikotsponsoren. Bei den Jugendmannschaften k\u00f6nnen meistens nur so die Kosten f\u00fcr die Trikots aufgebracht werden. Trikots f\u00fcr den SV Heimstetten zu spenden war tats\u00e4chlich das allererste Projekt der Harlander-Stiftung gewesen.<\/p>\n","protected":false},"author":1,"featured_media":416,"parent":286,"menu_order":0,"comment_status":"closed","ping_status":"closed","template":"","meta":{"_acf_changed":false,"footnotes":""},"class_list":["post-307","page","type-page","status-publish","has-post-thumbnail","hentry"],"acf":[],"yoast_head":"<!-- This site is optimized with the Yoast SEO plugin v27.5 - https:\/\/yoast.com\/product\/yoast-seo-wordpress\/ -->\n<title>Ausstattung Jugendfu\u00dfball SV Heimstetten - Harlander-Stiftung<\/title>\n<meta name=\"robots\" content=\"index, follow, max-snippet:-1, max-image-preview:large, max-video-preview:-1\" \/>\n<link rel=\"canonical\" href=\"https:\/\/www.harlander-stiftung.de\/?page_id=307\" \/>\n<meta property=\"og:locale\" content=\"de_DE\" \/>\n<meta property=\"og:type\" content=\"article\" \/>\n<meta property=\"og:title\" content=\"Ausstattung Jugendfu\u00dfball SV Heimstetten - Harlander-Stiftung\" \/>\n<meta property=\"og:description\" content=\"Projekttitel: Projekt \u201eAusstattung Jugendfussball SV Heimstetten\u201c Aktiv: Aktiv in den Jahren: 2016, 2017, 2018, 2019, 2022 Status: ruhend; Bisherige F\u00f6rderung insgesamt: 12.327,10 \u20ac Beschreibung: Wie bei jedem Sportverein sucht auch der SV Heimstetten stets Trikotsponsoren. Bei den Jugendmannschaften k\u00f6nnen meistens nur so die Kosten f\u00fcr die Trikots aufgebracht werden. Trikots f\u00fcr den SV Heimstetten zu spenden war tats\u00e4chlich das allererste Projekt der Harlander-Stiftung gewesen.\" \/>\n<meta property=\"og:url\" content=\"https:\/\/www.harlander-stiftung.de\/?page_id=307\" \/>\n<meta property=\"og:site_name\" content=\"Harlander-Stiftung\" \/>\n<meta property=\"article:modified_time\" content=\"2026-01-09T15:39:44+00:00\" \/>\n<meta property=\"og:image\" content=\"https:\/\/www.harlander-stiftung.de\/wp-content\/uploads\/2026\/01\/Trikots.jpg\" \/>\n\t<meta property=\"og:image:width\" content=\"988\" \/>\n\t<meta property=\"og:image:height\" content=\"742\" \/>\n\t<meta property=\"og:image:type\" content=\"image\/jpeg\" \/>\n<meta name=\"twitter:card\" content=\"summary_large_image\" \/>\n<meta name=\"twitter:label1\" content=\"Gesch\u00e4tzte Lesezeit\" \/>\n\t<meta name=\"twitter:data1\" content=\"1\u00a0Minute\" \/>\n<script type=\"application\/ld+json\" class=\"yoast-schema-graph\">{\"@context\":\"https:\\\/\\\/schema.org\",\"@graph\":[{\"@type\":\"WebPage\",\"@id\":\"https:\\\/\\\/www.harlander-stiftung.de\\\/?page_id=307\",\"url\":\"https:\\\/\\\/www.harlander-stiftung.de\\\/?page_id=307\",\"name\":\"Ausstattung Jugendfu\u00dfball SV Heimstetten - Harlander-Stiftung\",\"isPartOf\":{\"@id\":\"https:\\\/\\\/www.harlander-stiftung.de\\\/#website\"},\"primaryImageOfPage\":{\"@id\":\"https:\\\/\\\/www.harlander-stiftung.de\\\/?page_id=307#primaryimage\"},\"image\":{\"@id\":\"https:\\\/\\\/www.harlander-stiftung.de\\\/?page_id=307#primaryimage\"},\"thumbnailUrl\":\"https:\\\/\\\/www.harlander-stiftung.de\\\/wp-content\\\/uploads\\\/2026\\\/01\\\/Trikots.jpg\",\"datePublished\":\"2025-12-23T14:44:36+00:00\",\"dateModified\":\"2026-01-09T15:39:44+00:00\",\"breadcrumb\":{\"@id\":\"https:\\\/\\\/www.harlander-stiftung.de\\\/?page_id=307#breadcrumb\"},\"inLanguage\":\"de\",\"potentialAction\":[{\"@type\":\"ReadAction\",\"target\":[\"https:\\\/\\\/www.harlander-stiftung.de\\\/?page_id=307\"]}]},{\"@type\":\"ImageObject\",\"inLanguage\":\"de\",\"@id\":\"https:\\\/\\\/www.harlander-stiftung.de\\\/?page_id=307#primaryimage\",\"url\":\"https:\\\/\\\/www.harlander-stiftung.de\\\/wp-content\\\/uploads\\\/2026\\\/01\\\/Trikots.jpg\",\"contentUrl\":\"https:\\\/\\\/www.harlander-stiftung.de\\\/wp-content\\\/uploads\\\/2026\\\/01\\\/Trikots.jpg\",\"width\":988,\"height\":742},{\"@type\":\"BreadcrumbList\",\"@id\":\"https:\\\/\\\/www.harlander-stiftung.de\\\/?page_id=307#breadcrumb\",\"itemListElement\":[{\"@type\":\"ListItem\",\"position\":1,\"name\":\"Startseite\",\"item\":\"https:\\\/\\\/www.harlander-stiftung.de\\\/\"},{\"@type\":\"ListItem\",\"position\":2,\"name\":\"Unsere Projekte\",\"item\":\"https:\\\/\\\/www.harlander-stiftung.de\\\/?page_id=286\"},{\"@type\":\"ListItem\",\"position\":3,\"name\":\"Ausstattung Jugendfu\u00dfball SV Heimstetten\"}]},{\"@type\":\"WebSite\",\"@id\":\"https:\\\/\\\/www.harlander-stiftung.de\\\/#website\",\"url\":\"https:\\\/\\\/www.harlander-stiftung.de\\\/\",\"name\":\"Harlander-Stiftung\",\"description\":\"Zukunft durch Bildung\",\"publisher\":{\"@id\":\"https:\\\/\\\/www.harlander-stiftung.de\\\/#organization\"},\"potentialAction\":[{\"@type\":\"SearchAction\",\"target\":{\"@type\":\"EntryPoint\",\"urlTemplate\":\"https:\\\/\\\/www.harlander-stiftung.de\\\/?s={search_term_string}\"},\"query-input\":{\"@type\":\"PropertyValueSpecification\",\"valueRequired\":true,\"valueName\":\"search_term_string\"}}],\"inLanguage\":\"de\"},{\"@type\":\"Organization\",\"@id\":\"https:\\\/\\\/www.harlander-stiftung.de\\\/#organization\",\"name\":\"Harlander-Stiftung\",\"url\":\"https:\\\/\\\/www.harlander-stiftung.de\\\/\",\"logo\":{\"@type\":\"ImageObject\",\"inLanguage\":\"de\",\"@id\":\"https:\\\/\\\/www.harlander-stiftung.de\\\/#\\\/schema\\\/logo\\\/image\\\/\",\"url\":\"https:\\\/\\\/www.harlander-stiftung.de\\\/wp-content\\\/uploads\\\/2016\\\/02\\\/cropped-cropped-Galaxy-Desktop-Wallpapers-1.jpg\",\"contentUrl\":\"https:\\\/\\\/www.harlander-stiftung.de\\\/wp-content\\\/uploads\\\/2016\\\/02\\\/cropped-cropped-Galaxy-Desktop-Wallpapers-1.jpg\",\"width\":290,\"height\":70,\"caption\":\"Harlander-Stiftung\"},\"image\":{\"@id\":\"https:\\\/\\\/www.harlander-stiftung.de\\\/#\\\/schema\\\/logo\\\/image\\\/\"}}]}<\/script>\n<!-- \/ Yoast SEO plugin. -->","yoast_head_json":{"title":"Ausstattung Jugendfu\u00dfball SV Heimstetten - Harlander-Stiftung","robots":{"index":"index","follow":"follow","max-snippet":"max-snippet:-1","max-image-preview":"max-image-preview:large","max-video-preview":"max-video-preview:-1"},"canonical":"https:\/\/www.harlander-stiftung.de\/?page_id=307","og_locale":"de_DE","og_type":"article","og_title":"Ausstattung Jugendfu\u00dfball SV Heimstetten - Harlander-Stiftung","og_description":"Projekttitel: Projekt \u201eAusstattung Jugendfussball SV Heimstetten\u201c Aktiv: Aktiv in den Jahren: 2016, 2017, 2018, 2019, 2022 Status: ruhend; Bisherige F\u00f6rderung insgesamt: 12.327,10 \u20ac Beschreibung: Wie bei jedem Sportverein sucht auch der SV Heimstetten stets Trikotsponsoren. Bei den Jugendmannschaften k\u00f6nnen meistens nur so die Kosten f\u00fcr die Trikots aufgebracht werden. Trikots f\u00fcr den SV Heimstetten zu spenden war tats\u00e4chlich das allererste Projekt der Harlander-Stiftung gewesen.","og_url":"https:\/\/www.harlander-stiftung.de\/?page_id=307","og_site_name":"Harlander-Stiftung","article_modified_time":"2026-01-09T15:39:44+00:00","og_image":[{"width":988,"height":742,"url":"https:\/\/www.harlander-stiftung.de\/wp-content\/uploads\/2026\/01\/Trikots.jpg","type":"image\/jpeg"}],"twitter_card":"summary_large_image","twitter_misc":{"Gesch\u00e4tzte Lesezeit":"1\u00a0Minute"},"schema":{"@context":"https:\/\/schema.org","@graph":[{"@type":"WebPage","@id":"https:\/\/www.harlander-stiftung.de\/?page_id=307","url":"https:\/\/www.harlander-stiftung.de\/?page_id=307","name":"Ausstattung Jugendfu\u00dfball SV Heimstetten - Harlander-Stiftung","isPartOf":{"@id":"https:\/\/www.harlander-stiftung.de\/#website"},"primaryImageOfPage":{"@id":"https:\/\/www.harlander-stiftung.de\/?page_id=307#primaryimage"},"image":{"@id":"https:\/\/www.harlander-stiftung.de\/?page_id=307#primaryimage"},"thumbnailUrl":"https:\/\/www.harlander-stiftung.de\/wp-content\/uploads\/2026\/01\/Trikots.jpg","datePublished":"2025-12-23T14:44:36+00:00","dateModified":"2026-01-09T15:39:44+00:00","breadcrumb":{"@id":"https:\/\/www.harlander-stiftung.de\/?page_id=307#breadcrumb"},"inLanguage":"de","potentialAction":[{"@type":"ReadAction","target":["https:\/\/www.harlander-stiftung.de\/?page_id=307"]}]},{"@type":"ImageObject","inLanguage":"de","@id":"https:\/\/www.harlander-stiftung.de\/?page_id=307#primaryimage","url":"https:\/\/www.harlander-stiftung.de\/wp-content\/uploads\/2026\/01\/Trikots.jpg","contentUrl":"https:\/\/www.harlander-stiftung.de\/wp-content\/uploads\/2026\/01\/Trikots.jpg","width":988,"height":742},{"@type":"BreadcrumbList","@id":"https:\/\/www.harlander-stiftung.de\/?page_id=307#breadcrumb","itemListElement":[{"@type":"ListItem","position":1,"name":"Startseite","item":"https:\/\/www.harlander-stiftung.de\/"},{"@type":"ListItem","position":2,"name":"Unsere Projekte","item":"https:\/\/www.harlander-stiftung.de\/?page_id=286"},{"@type":"ListItem","position":3,"name":"Ausstattung Jugendfu\u00dfball SV Heimstetten"}]},{"@type":"WebSite","@id":"https:\/\/www.harlander-stiftung.de\/#website","url":"https:\/\/www.harlander-stiftung.de\/","name":"Harlander-Stiftung","description":"Zukunft durch Bildung","publisher":{"@id":"https:\/\/www.harlander-stiftung.de\/#organization"},"potentialAction":[{"@type":"SearchAction","target":{"@type":"EntryPoint","urlTemplate":"https:\/\/www.harlander-stiftung.de\/?s={search_term_string}"},"query-input":{"@type":"PropertyValueSpecification","valueRequired":true,"valueName":"search_term_string"}}],"inLanguage":"de"},{"@type":"Organization","@id":"https:\/\/www.harlander-stiftung.de\/#organization","name":"Harlander-Stiftung","url":"https:\/\/www.harlander-stiftung.de\/","logo":{"@type":"ImageObject","inLanguage":"de","@id":"https:\/\/www.harlander-stiftung.de\/#\/schema\/logo\/image\/","url":"https:\/\/www.harlander-stiftung.de\/wp-content\/uploads\/2016\/02\/cropped-cropped-Galaxy-Desktop-Wallpapers-1.jpg","contentUrl":"https:\/\/www.harlander-stiftung.de\/wp-content\/uploads\/2016\/02\/cropped-cropped-Galaxy-Desktop-Wallpapers-1.jpg","width":290,"height":70,"caption":"Harlander-Stiftung"},"image":{"@id":"https:\/\/www.harlander-stiftung.de\/#\/schema\/logo\/image\/"}}]}},"_links":{"self":[{"href":"https:\/\/www.harlander-stiftung.de\/index.php?rest_route=\/wp\/v2\/pages\/307","targetHints":{"allow":["GET"]}}],"collection":[{"href":"https:\/\/www.harlander-stiftung.de\/index.php?rest_route=\/wp\/v2\/pages"}],"about":[{"href":"https:\/\/www.harlander-stiftung.de\/index.php?rest_route=\/wp\/v2\/types\/page"}],"author":[{"embeddable":true,"href":"https:\/\/www.harlander-stiftung.de\/index.php?rest_route=\/wp\/v2\/users\/1"}],"replies":[{"embeddable":true,"href":"https:\/\/www.harlander-stiftung.de\/index.php?rest_route=%2Fwp%2Fv2%2Fcomments&post=307"}],"version-history":[{"count":7,"href":"https:\/\/www.harlander-stiftung.de\/index.php?rest_route=\/wp\/v2\/pages\/307\/revisions"}],"predecessor-version":[{"id":409,"href":"https:\/\/www.harlander-stiftung.de\/index.php?rest_route=\/wp\/v2\/pages\/307\/revisions\/409"}],"up":[{"embeddable":true,"href":"https:\/\/www.harlander-stiftung.de\/index.php?rest_route=\/wp\/v2\/pages\/286"}],"wp:featuredmedia":[{"embeddable":true,"href":"https:\/\/www.harlander-stiftung.de\/index.php?rest_route=\/wp\/v2\/media\/416"}],"wp:attachment":[{"href":"https:\/\/www.harlander-stiftung.de\/index.php?rest_route=%2Fwp%2Fv2%2Fmedia&parent=307"}],"curies":[{"name":"wp","href":"https:\/\/api.w.org\/{rel}","templated":true}]}}