{"id":311,"date":"2025-12-23T15:47:34","date_gmt":"2025-12-23T14:47:34","guid":{"rendered":"https:\/\/www.harlander-stiftung.de\/?page_id=311"},"modified":"2026-01-10T16:55:38","modified_gmt":"2026-01-10T15:55:38","slug":"jugendkonzept-des-svh","status":"publish","type":"page","link":"https:\/\/www.harlander-stiftung.de\/?page_id=311","title":{"rendered":"Fu\u00dfballkonzept des SV Heimstetten"},"content":{"rendered":"\n\n\n<h3><b>Projekttitel:<\/b><\/h3>\n<p>Projekt &#8222;Fu\u00dfballkonzept des SV Heimstetten\u201c<\/p>\n<h3>Aktiv:<\/h3>\n<p>Aktiv in den Jahren: 2021, 2022, 2023<\/p>\n<h3><b>Status: <\/b><\/h3>\n<p>abgeschlossen<\/p>\n<h3><b>F\u00f6rderung insgesamt: <\/b><\/h3>\n<p>30.937,50 \u20ac<\/p>\n<h3><b>Beschreibung:<\/b><\/h3>\n<p>Der SV Heimstetten war wie viele Vereine durch die Corona-Pandemie in Schwierigkeiten geraten. Um die Fu\u00dfballabteilung f\u00fcr die Zeit nach der Pandemie fit zu machen, unterst\u00fctzte die Harlander-Stiftung ein Projekt, mit dem die Probleme im Herren- und Jugendbereich analysiert wurden und neue Wege erarbeitet werden konnten. Das Projekt lief 2,5 Jahre lang.\u00a0<\/p>\n","protected":false},"excerpt":{"rendered":"<p>Projekttitel: Projekt &#8222;Fu\u00dfballkonzept des SV Heimstetten\u201c Aktiv: Aktiv in den Jahren: 2021, 2022, 2023 Status: abgeschlossen F\u00f6rderung insgesamt: 30.937,50 \u20ac Beschreibung: Der SV Heimstetten war wie viele Vereine durch die Corona-Pandemie in Schwierigkeiten geraten. Um die Fu\u00dfballabteilung f\u00fcr die Zeit nach der Pandemie fit zu machen, unterst\u00fctzte die Harlander-Stiftung ein Projekt, mit dem die Probleme im Herren- und Jugendbereich analysiert wurden und neue Wege erarbeitet werden konnten. Das Projekt lief&hellip;<\/p>\n","protected":false},"author":1,"featured_media":437,"parent":286,"menu_order":0,"comment_status":"closed","ping_status":"closed","template":"","meta":{"_acf_changed":false,"footnotes":""},"class_list":["post-311","page","type-page","status-publish","has-post-thumbnail","hentry"],"acf":[],"yoast_head":"<!-- This site is optimized with the Yoast SEO plugin v27.5 - https:\/\/yoast.com\/product\/yoast-seo-wordpress\/ -->\n<title>Fu\u00dfballkonzept des SV Heimstetten - Harlander-Stiftung<\/title>\n<meta name=\"robots\" content=\"index, follow, max-snippet:-1, max-image-preview:large, max-video-preview:-1\" \/>\n<link rel=\"canonical\" href=\"https:\/\/www.harlander-stiftung.de\/?page_id=311\" \/>\n<meta property=\"og:locale\" content=\"de_DE\" \/>\n<meta property=\"og:type\" content=\"article\" \/>\n<meta property=\"og:title\" content=\"Fu\u00dfballkonzept des SV Heimstetten - Harlander-Stiftung\" \/>\n<meta property=\"og:description\" content=\"Projekttitel: Projekt &#8222;Fu\u00dfballkonzept des SV Heimstetten\u201c Aktiv: Aktiv in den Jahren: 2021, 2022, 2023 Status: abgeschlossen F\u00f6rderung insgesamt: 30.937,50 \u20ac Beschreibung: Der SV Heimstetten war wie viele Vereine durch die Corona-Pandemie in Schwierigkeiten geraten. Um die Fu\u00dfballabteilung f\u00fcr die Zeit nach der Pandemie fit zu machen, unterst\u00fctzte die Harlander-Stiftung ein Projekt, mit dem die Probleme im Herren- und Jugendbereich analysiert wurden und neue Wege erarbeitet werden konnten. Das Projekt lief&hellip;\" \/>\n<meta property=\"og:url\" content=\"https:\/\/www.harlander-stiftung.de\/?page_id=311\" \/>\n<meta property=\"og:site_name\" content=\"Harlander-Stiftung\" \/>\n<meta property=\"article:modified_time\" content=\"2026-01-10T15:55:38+00:00\" \/>\n<meta property=\"og:image\" content=\"https:\/\/www.harlander-stiftung.de\/wp-content\/uploads\/2026\/01\/Logo-SVH-Breit.png\" \/>\n\t<meta property=\"og:image:width\" content=\"450\" \/>\n\t<meta property=\"og:image:height\" content=\"182\" \/>\n\t<meta property=\"og:image:type\" content=\"image\/png\" \/>\n<meta name=\"twitter:card\" content=\"summary_large_image\" \/>\n<meta name=\"twitter:label1\" content=\"Gesch\u00e4tzte Lesezeit\" \/>\n\t<meta name=\"twitter:data1\" content=\"1\u00a0Minute\" \/>\n<script type=\"application\/ld+json\" class=\"yoast-schema-graph\">{\"@context\":\"https:\\\/\\\/schema.org\",\"@graph\":[{\"@type\":\"WebPage\",\"@id\":\"https:\\\/\\\/www.harlander-stiftung.de\\\/?page_id=311\",\"url\":\"https:\\\/\\\/www.harlander-stiftung.de\\\/?page_id=311\",\"name\":\"Fu\u00dfballkonzept des SV Heimstetten - Harlander-Stiftung\",\"isPartOf\":{\"@id\":\"https:\\\/\\\/www.harlander-stiftung.de\\\/#website\"},\"primaryImageOfPage\":{\"@id\":\"https:\\\/\\\/www.harlander-stiftung.de\\\/?page_id=311#primaryimage\"},\"image\":{\"@id\":\"https:\\\/\\\/www.harlander-stiftung.de\\\/?page_id=311#primaryimage\"},\"thumbnailUrl\":\"https:\\\/\\\/www.harlander-stiftung.de\\\/wp-content\\\/uploads\\\/2026\\\/01\\\/Logo-SVH-Breit.png\",\"datePublished\":\"2025-12-23T14:47:34+00:00\",\"dateModified\":\"2026-01-10T15:55:38+00:00\",\"breadcrumb\":{\"@id\":\"https:\\\/\\\/www.harlander-stiftung.de\\\/?page_id=311#breadcrumb\"},\"inLanguage\":\"de\",\"potentialAction\":[{\"@type\":\"ReadAction\",\"target\":[\"https:\\\/\\\/www.harlander-stiftung.de\\\/?page_id=311\"]}]},{\"@type\":\"ImageObject\",\"inLanguage\":\"de\",\"@id\":\"https:\\\/\\\/www.harlander-stiftung.de\\\/?page_id=311#primaryimage\",\"url\":\"https:\\\/\\\/www.harlander-stiftung.de\\\/wp-content\\\/uploads\\\/2026\\\/01\\\/Logo-SVH-Breit.png\",\"contentUrl\":\"https:\\\/\\\/www.harlander-stiftung.de\\\/wp-content\\\/uploads\\\/2026\\\/01\\\/Logo-SVH-Breit.png\",\"width\":450,\"height\":182},{\"@type\":\"BreadcrumbList\",\"@id\":\"https:\\\/\\\/www.harlander-stiftung.de\\\/?page_id=311#breadcrumb\",\"itemListElement\":[{\"@type\":\"ListItem\",\"position\":1,\"name\":\"Startseite\",\"item\":\"https:\\\/\\\/www.harlander-stiftung.de\\\/\"},{\"@type\":\"ListItem\",\"position\":2,\"name\":\"Unsere Projekte\",\"item\":\"https:\\\/\\\/www.harlander-stiftung.de\\\/?page_id=286\"},{\"@type\":\"ListItem\",\"position\":3,\"name\":\"Fu\u00dfballkonzept des SV Heimstetten\"}]},{\"@type\":\"WebSite\",\"@id\":\"https:\\\/\\\/www.harlander-stiftung.de\\\/#website\",\"url\":\"https:\\\/\\\/www.harlander-stiftung.de\\\/\",\"name\":\"Harlander-Stiftung\",\"description\":\"Zukunft durch Bildung\",\"publisher\":{\"@id\":\"https:\\\/\\\/www.harlander-stiftung.de\\\/#organization\"},\"potentialAction\":[{\"@type\":\"SearchAction\",\"target\":{\"@type\":\"EntryPoint\",\"urlTemplate\":\"https:\\\/\\\/www.harlander-stiftung.de\\\/?s={search_term_string}\"},\"query-input\":{\"@type\":\"PropertyValueSpecification\",\"valueRequired\":true,\"valueName\":\"search_term_string\"}}],\"inLanguage\":\"de\"},{\"@type\":\"Organization\",\"@id\":\"https:\\\/\\\/www.harlander-stiftung.de\\\/#organization\",\"name\":\"Harlander-Stiftung\",\"url\":\"https:\\\/\\\/www.harlander-stiftung.de\\\/\",\"logo\":{\"@type\":\"ImageObject\",\"inLanguage\":\"de\",\"@id\":\"https:\\\/\\\/www.harlander-stiftung.de\\\/#\\\/schema\\\/logo\\\/image\\\/\",\"url\":\"https:\\\/\\\/www.harlander-stiftung.de\\\/wp-content\\\/uploads\\\/2016\\\/02\\\/cropped-cropped-Galaxy-Desktop-Wallpapers-1.jpg\",\"contentUrl\":\"https:\\\/\\\/www.harlander-stiftung.de\\\/wp-content\\\/uploads\\\/2016\\\/02\\\/cropped-cropped-Galaxy-Desktop-Wallpapers-1.jpg\",\"width\":290,\"height\":70,\"caption\":\"Harlander-Stiftung\"},\"image\":{\"@id\":\"https:\\\/\\\/www.harlander-stiftung.de\\\/#\\\/schema\\\/logo\\\/image\\\/\"}}]}<\/script>\n<!-- \/ Yoast SEO plugin. -->","yoast_head_json":{"title":"Fu\u00dfballkonzept des SV Heimstetten - Harlander-Stiftung","robots":{"index":"index","follow":"follow","max-snippet":"max-snippet:-1","max-image-preview":"max-image-preview:large","max-video-preview":"max-video-preview:-1"},"canonical":"https:\/\/www.harlander-stiftung.de\/?page_id=311","og_locale":"de_DE","og_type":"article","og_title":"Fu\u00dfballkonzept des SV Heimstetten - Harlander-Stiftung","og_description":"Projekttitel: Projekt &#8222;Fu\u00dfballkonzept des SV Heimstetten\u201c Aktiv: Aktiv in den Jahren: 2021, 2022, 2023 Status: abgeschlossen F\u00f6rderung insgesamt: 30.937,50 \u20ac Beschreibung: Der SV Heimstetten war wie viele Vereine durch die Corona-Pandemie in Schwierigkeiten geraten. Um die Fu\u00dfballabteilung f\u00fcr die Zeit nach der Pandemie fit zu machen, unterst\u00fctzte die Harlander-Stiftung ein Projekt, mit dem die Probleme im Herren- und Jugendbereich analysiert wurden und neue Wege erarbeitet werden konnten. Das Projekt lief&hellip;","og_url":"https:\/\/www.harlander-stiftung.de\/?page_id=311","og_site_name":"Harlander-Stiftung","article_modified_time":"2026-01-10T15:55:38+00:00","og_image":[{"width":450,"height":182,"url":"https:\/\/www.harlander-stiftung.de\/wp-content\/uploads\/2026\/01\/Logo-SVH-Breit.png","type":"image\/png"}],"twitter_card":"summary_large_image","twitter_misc":{"Gesch\u00e4tzte Lesezeit":"1\u00a0Minute"},"schema":{"@context":"https:\/\/schema.org","@graph":[{"@type":"WebPage","@id":"https:\/\/www.harlander-stiftung.de\/?page_id=311","url":"https:\/\/www.harlander-stiftung.de\/?page_id=311","name":"Fu\u00dfballkonzept des SV Heimstetten - Harlander-Stiftung","isPartOf":{"@id":"https:\/\/www.harlander-stiftung.de\/#website"},"primaryImageOfPage":{"@id":"https:\/\/www.harlander-stiftung.de\/?page_id=311#primaryimage"},"image":{"@id":"https:\/\/www.harlander-stiftung.de\/?page_id=311#primaryimage"},"thumbnailUrl":"https:\/\/www.harlander-stiftung.de\/wp-content\/uploads\/2026\/01\/Logo-SVH-Breit.png","datePublished":"2025-12-23T14:47:34+00:00","dateModified":"2026-01-10T15:55:38+00:00","breadcrumb":{"@id":"https:\/\/www.harlander-stiftung.de\/?page_id=311#breadcrumb"},"inLanguage":"de","potentialAction":[{"@type":"ReadAction","target":["https:\/\/www.harlander-stiftung.de\/?page_id=311"]}]},{"@type":"ImageObject","inLanguage":"de","@id":"https:\/\/www.harlander-stiftung.de\/?page_id=311#primaryimage","url":"https:\/\/www.harlander-stiftung.de\/wp-content\/uploads\/2026\/01\/Logo-SVH-Breit.png","contentUrl":"https:\/\/www.harlander-stiftung.de\/wp-content\/uploads\/2026\/01\/Logo-SVH-Breit.png","width":450,"height":182},{"@type":"BreadcrumbList","@id":"https:\/\/www.harlander-stiftung.de\/?page_id=311#breadcrumb","itemListElement":[{"@type":"ListItem","position":1,"name":"Startseite","item":"https:\/\/www.harlander-stiftung.de\/"},{"@type":"ListItem","position":2,"name":"Unsere Projekte","item":"https:\/\/www.harlander-stiftung.de\/?page_id=286"},{"@type":"ListItem","position":3,"name":"Fu\u00dfballkonzept des SV Heimstetten"}]},{"@type":"WebSite","@id":"https:\/\/www.harlander-stiftung.de\/#website","url":"https:\/\/www.harlander-stiftung.de\/","name":"Harlander-Stiftung","description":"Zukunft durch Bildung","publisher":{"@id":"https:\/\/www.harlander-stiftung.de\/#organization"},"potentialAction":[{"@type":"SearchAction","target":{"@type":"EntryPoint","urlTemplate":"https:\/\/www.harlander-stiftung.de\/?s={search_term_string}"},"query-input":{"@type":"PropertyValueSpecification","valueRequired":true,"valueName":"search_term_string"}}],"inLanguage":"de"},{"@type":"Organization","@id":"https:\/\/www.harlander-stiftung.de\/#organization","name":"Harlander-Stiftung","url":"https:\/\/www.harlander-stiftung.de\/","logo":{"@type":"ImageObject","inLanguage":"de","@id":"https:\/\/www.harlander-stiftung.de\/#\/schema\/logo\/image\/","url":"https:\/\/www.harlander-stiftung.de\/wp-content\/uploads\/2016\/02\/cropped-cropped-Galaxy-Desktop-Wallpapers-1.jpg","contentUrl":"https:\/\/www.harlander-stiftung.de\/wp-content\/uploads\/2016\/02\/cropped-cropped-Galaxy-Desktop-Wallpapers-1.jpg","width":290,"height":70,"caption":"Harlander-Stiftung"},"image":{"@id":"https:\/\/www.harlander-stiftung.de\/#\/schema\/logo\/image\/"}}]}},"_links":{"self":[{"href":"https:\/\/www.harlander-stiftung.de\/index.php?rest_route=\/wp\/v2\/pages\/311","targetHints":{"allow":["GET"]}}],"collection":[{"href":"https:\/\/www.harlander-stiftung.de\/index.php?rest_route=\/wp\/v2\/pages"}],"about":[{"href":"https:\/\/www.harlander-stiftung.de\/index.php?rest_route=\/wp\/v2\/types\/page"}],"author":[{"embeddable":true,"href":"https:\/\/www.harlander-stiftung.de\/index.php?rest_route=\/wp\/v2\/users\/1"}],"replies":[{"embeddable":true,"href":"https:\/\/www.harlander-stiftung.de\/index.php?rest_route=%2Fwp%2Fv2%2Fcomments&post=311"}],"version-history":[{"count":7,"href":"https:\/\/www.harlander-stiftung.de\/index.php?rest_route=\/wp\/v2\/pages\/311\/revisions"}],"predecessor-version":[{"id":404,"href":"https:\/\/www.harlander-stiftung.de\/index.php?rest_route=\/wp\/v2\/pages\/311\/revisions\/404"}],"up":[{"embeddable":true,"href":"https:\/\/www.harlander-stiftung.de\/index.php?rest_route=\/wp\/v2\/pages\/286"}],"wp:featuredmedia":[{"embeddable":true,"href":"https:\/\/www.harlander-stiftung.de\/index.php?rest_route=\/wp\/v2\/media\/437"}],"wp:attachment":[{"href":"https:\/\/www.harlander-stiftung.de\/index.php?rest_route=%2Fwp%2Fv2%2Fmedia&parent=311"}],"curies":[{"name":"wp","href":"https:\/\/api.w.org\/{rel}","templated":true}]}}