{"id":318,"date":"2025-12-23T16:00:28","date_gmt":"2025-12-23T15:00:28","guid":{"rendered":"https:\/\/www.harlander-stiftung.de\/?page_id=318"},"modified":"2026-01-09T16:23:34","modified_gmt":"2026-01-09T15:23:34","slug":"youth-solution-africa","status":"publish","type":"page","link":"https:\/\/www.harlander-stiftung.de\/?page_id=318","title":{"rendered":"Youth Solution Africa"},"content":{"rendered":"\n<h3><b>Projekttitel:<\/b><\/h3>\n<p>Projekt \u201eYouth Solution Africa\u201c in Kooperation mit dem Gymnasium Kirchheim<\/p>\n<h3>Aktiv:<\/h3>\n<p>Aktiv in den Jahren: 2019, 2020, 2021, 2022, 2023, 2024, 2025, 2026<\/p>\n<h3><b>Status: <\/b><\/h3>\n<p>aktiv<\/p>\n<h3><b>Bisherige F\u00f6rderung insgesamt: <\/b><\/h3>\n<p>130.498 \u20ac<\/p>\n<h3><b>Beschreibung:<\/b><\/h3>\n<p><span style=\"font-size: small;\">Seit einigen Jahren gibt es engen Kontakt zwischen dem Gymnasium Kirchheim und der gemeinn\u00fctzigen Organisation \u201eYouth Solution Africa (YSA)\u201c in Kapstadt, die von Pater John Philmon geleitet wird. YSA k\u00fcmmert sich um Kinder und Jugendliche in Slums, insbesondere durch Bau, Ausstattung und Betrieb von Schulen. Die Harlander-Stiftung kooperiert seit Ende 2019 mit dem Gymnasium Kirchheim, in dem regelm\u00e4\u00dfig Spenden f\u00fcr YSA gesammelt werden, beispielsweise beim WATT-Test, in P-Seminaren oder beim Weihnachtsbasar. Dar\u00fcber hinaus existiert ein Netzwerk von Spendern, die regelm\u00e4\u00dfig f\u00fcr dieses Projekt spenden. Gemeinsam mit Eigenmitteln der Stiftung konnten so Jahr f\u00fcr Jahr zwischen 19.000 und 28.000\u00a0 Euro an das Projekt \u00fcberwiesen werden. <\/span><\/p>\n<p><span style=\"font-size: small;\">W\u00e4hrend meistens der Bau und Erhalt von Schulen sowie die Beschaffung von Lernmitteln im Vordergrund stehen, entwickelte YSA w\u00e4hrend der Pandemie eine eigene \u201eschool in the box\u201c, um den Sch\u00fclerinnen und Sch\u00fclern w\u00e4hrend des Lockdowns das Lernen zu erm\u00f6glichen. Anfang 2026 wird ein neuer Kindergarten er\u00f6ffnet werden.<\/span><\/p>\n<p>\u00a0<\/p>\n<p>\u00a0<\/p>\n","protected":false},"excerpt":{"rendered":"<p>Projekttitel: Projekt \u201eYouth Solution Africa\u201c in Kooperation mit dem Gymnasium Kirchheim Aktiv: Aktiv in den Jahren: 2019, 2020, 2021, 2022, 2023, 2024, 2025, 2026 Status: aktiv Bisherige F\u00f6rderung insgesamt: 130.498 \u20ac Beschreibung: Seit einigen Jahren gibt es engen Kontakt zwischen dem Gymnasium Kirchheim und der gemeinn\u00fctzigen Organisation \u201eYouth Solution Africa (YSA)\u201c in Kapstadt, die von Pater John Philmon geleitet wird. YSA k\u00fcmmert sich um Kinder und Jugendliche in Slums, insbesondere&hellip;<\/p>\n","protected":false},"author":1,"featured_media":390,"parent":286,"menu_order":0,"comment_status":"closed","ping_status":"closed","template":"","meta":{"_acf_changed":false,"footnotes":""},"class_list":["post-318","page","type-page","status-publish","has-post-thumbnail","hentry"],"acf":[],"yoast_head":"<!-- This site is optimized with the Yoast SEO plugin v27.5 - https:\/\/yoast.com\/product\/yoast-seo-wordpress\/ -->\n<title>Youth Solution Africa - Harlander-Stiftung<\/title>\n<meta name=\"robots\" content=\"index, follow, max-snippet:-1, max-image-preview:large, max-video-preview:-1\" \/>\n<link rel=\"canonical\" href=\"https:\/\/www.harlander-stiftung.de\/?page_id=318\" \/>\n<meta property=\"og:locale\" content=\"de_DE\" \/>\n<meta property=\"og:type\" content=\"article\" \/>\n<meta property=\"og:title\" content=\"Youth Solution Africa - Harlander-Stiftung\" \/>\n<meta property=\"og:description\" content=\"Projekttitel: Projekt \u201eYouth Solution Africa\u201c in Kooperation mit dem Gymnasium Kirchheim Aktiv: Aktiv in den Jahren: 2019, 2020, 2021, 2022, 2023, 2024, 2025, 2026 Status: aktiv Bisherige F\u00f6rderung insgesamt: 130.498 \u20ac Beschreibung: Seit einigen Jahren gibt es engen Kontakt zwischen dem Gymnasium Kirchheim und der gemeinn\u00fctzigen Organisation \u201eYouth Solution Africa (YSA)\u201c in Kapstadt, die von Pater John Philmon geleitet wird. YSA k\u00fcmmert sich um Kinder und Jugendliche in Slums, insbesondere&hellip;\" \/>\n<meta property=\"og:url\" content=\"https:\/\/www.harlander-stiftung.de\/?page_id=318\" \/>\n<meta property=\"og:site_name\" content=\"Harlander-Stiftung\" \/>\n<meta property=\"article:modified_time\" content=\"2026-01-09T15:23:34+00:00\" \/>\n<meta property=\"og:image\" content=\"https:\/\/www.harlander-stiftung.de\/wp-content\/uploads\/2025\/12\/Lernmittel.jpg\" \/>\n\t<meta property=\"og:image:width\" content=\"1500\" \/>\n\t<meta property=\"og:image:height\" content=\"2000\" \/>\n\t<meta property=\"og:image:type\" content=\"image\/jpeg\" \/>\n<meta name=\"twitter:card\" content=\"summary_large_image\" \/>\n<meta name=\"twitter:label1\" content=\"Gesch\u00e4tzte Lesezeit\" \/>\n\t<meta name=\"twitter:data1\" content=\"2\u00a0Minuten\" \/>\n<script type=\"application\/ld+json\" class=\"yoast-schema-graph\">{\"@context\":\"https:\\\/\\\/schema.org\",\"@graph\":[{\"@type\":\"WebPage\",\"@id\":\"https:\\\/\\\/www.harlander-stiftung.de\\\/?page_id=318\",\"url\":\"https:\\\/\\\/www.harlander-stiftung.de\\\/?page_id=318\",\"name\":\"Youth Solution Africa - Harlander-Stiftung\",\"isPartOf\":{\"@id\":\"https:\\\/\\\/www.harlander-stiftung.de\\\/#website\"},\"primaryImageOfPage\":{\"@id\":\"https:\\\/\\\/www.harlander-stiftung.de\\\/?page_id=318#primaryimage\"},\"image\":{\"@id\":\"https:\\\/\\\/www.harlander-stiftung.de\\\/?page_id=318#primaryimage\"},\"thumbnailUrl\":\"https:\\\/\\\/www.harlander-stiftung.de\\\/wp-content\\\/uploads\\\/2025\\\/12\\\/Lernmittel.jpg\",\"datePublished\":\"2025-12-23T15:00:28+00:00\",\"dateModified\":\"2026-01-09T15:23:34+00:00\",\"breadcrumb\":{\"@id\":\"https:\\\/\\\/www.harlander-stiftung.de\\\/?page_id=318#breadcrumb\"},\"inLanguage\":\"de\",\"potentialAction\":[{\"@type\":\"ReadAction\",\"target\":[\"https:\\\/\\\/www.harlander-stiftung.de\\\/?page_id=318\"]}]},{\"@type\":\"ImageObject\",\"inLanguage\":\"de\",\"@id\":\"https:\\\/\\\/www.harlander-stiftung.de\\\/?page_id=318#primaryimage\",\"url\":\"https:\\\/\\\/www.harlander-stiftung.de\\\/wp-content\\\/uploads\\\/2025\\\/12\\\/Lernmittel.jpg\",\"contentUrl\":\"https:\\\/\\\/www.harlander-stiftung.de\\\/wp-content\\\/uploads\\\/2025\\\/12\\\/Lernmittel.jpg\",\"width\":1500,\"height\":2000,\"caption\":\"Kinder zeigen neue Schulb\u00fccher\"},{\"@type\":\"BreadcrumbList\",\"@id\":\"https:\\\/\\\/www.harlander-stiftung.de\\\/?page_id=318#breadcrumb\",\"itemListElement\":[{\"@type\":\"ListItem\",\"position\":1,\"name\":\"Startseite\",\"item\":\"https:\\\/\\\/www.harlander-stiftung.de\\\/\"},{\"@type\":\"ListItem\",\"position\":2,\"name\":\"Unsere Projekte\",\"item\":\"https:\\\/\\\/www.harlander-stiftung.de\\\/?page_id=286\"},{\"@type\":\"ListItem\",\"position\":3,\"name\":\"Youth Solution Africa\"}]},{\"@type\":\"WebSite\",\"@id\":\"https:\\\/\\\/www.harlander-stiftung.de\\\/#website\",\"url\":\"https:\\\/\\\/www.harlander-stiftung.de\\\/\",\"name\":\"Harlander-Stiftung\",\"description\":\"Zukunft durch Bildung\",\"publisher\":{\"@id\":\"https:\\\/\\\/www.harlander-stiftung.de\\\/#organization\"},\"potentialAction\":[{\"@type\":\"SearchAction\",\"target\":{\"@type\":\"EntryPoint\",\"urlTemplate\":\"https:\\\/\\\/www.harlander-stiftung.de\\\/?s={search_term_string}\"},\"query-input\":{\"@type\":\"PropertyValueSpecification\",\"valueRequired\":true,\"valueName\":\"search_term_string\"}}],\"inLanguage\":\"de\"},{\"@type\":\"Organization\",\"@id\":\"https:\\\/\\\/www.harlander-stiftung.de\\\/#organization\",\"name\":\"Harlander-Stiftung\",\"url\":\"https:\\\/\\\/www.harlander-stiftung.de\\\/\",\"logo\":{\"@type\":\"ImageObject\",\"inLanguage\":\"de\",\"@id\":\"https:\\\/\\\/www.harlander-stiftung.de\\\/#\\\/schema\\\/logo\\\/image\\\/\",\"url\":\"https:\\\/\\\/www.harlander-stiftung.de\\\/wp-content\\\/uploads\\\/2016\\\/02\\\/cropped-cropped-Galaxy-Desktop-Wallpapers-1.jpg\",\"contentUrl\":\"https:\\\/\\\/www.harlander-stiftung.de\\\/wp-content\\\/uploads\\\/2016\\\/02\\\/cropped-cropped-Galaxy-Desktop-Wallpapers-1.jpg\",\"width\":290,\"height\":70,\"caption\":\"Harlander-Stiftung\"},\"image\":{\"@id\":\"https:\\\/\\\/www.harlander-stiftung.de\\\/#\\\/schema\\\/logo\\\/image\\\/\"}}]}<\/script>\n<!-- \/ Yoast SEO plugin. -->","yoast_head_json":{"title":"Youth Solution Africa - Harlander-Stiftung","robots":{"index":"index","follow":"follow","max-snippet":"max-snippet:-1","max-image-preview":"max-image-preview:large","max-video-preview":"max-video-preview:-1"},"canonical":"https:\/\/www.harlander-stiftung.de\/?page_id=318","og_locale":"de_DE","og_type":"article","og_title":"Youth Solution Africa - Harlander-Stiftung","og_description":"Projekttitel: Projekt \u201eYouth Solution Africa\u201c in Kooperation mit dem Gymnasium Kirchheim Aktiv: Aktiv in den Jahren: 2019, 2020, 2021, 2022, 2023, 2024, 2025, 2026 Status: aktiv Bisherige F\u00f6rderung insgesamt: 130.498 \u20ac Beschreibung: Seit einigen Jahren gibt es engen Kontakt zwischen dem Gymnasium Kirchheim und der gemeinn\u00fctzigen Organisation \u201eYouth Solution Africa (YSA)\u201c in Kapstadt, die von Pater John Philmon geleitet wird. YSA k\u00fcmmert sich um Kinder und Jugendliche in Slums, insbesondere&hellip;","og_url":"https:\/\/www.harlander-stiftung.de\/?page_id=318","og_site_name":"Harlander-Stiftung","article_modified_time":"2026-01-09T15:23:34+00:00","og_image":[{"width":1500,"height":2000,"url":"https:\/\/www.harlander-stiftung.de\/wp-content\/uploads\/2025\/12\/Lernmittel.jpg","type":"image\/jpeg"}],"twitter_card":"summary_large_image","twitter_misc":{"Gesch\u00e4tzte Lesezeit":"2\u00a0Minuten"},"schema":{"@context":"https:\/\/schema.org","@graph":[{"@type":"WebPage","@id":"https:\/\/www.harlander-stiftung.de\/?page_id=318","url":"https:\/\/www.harlander-stiftung.de\/?page_id=318","name":"Youth Solution Africa - Harlander-Stiftung","isPartOf":{"@id":"https:\/\/www.harlander-stiftung.de\/#website"},"primaryImageOfPage":{"@id":"https:\/\/www.harlander-stiftung.de\/?page_id=318#primaryimage"},"image":{"@id":"https:\/\/www.harlander-stiftung.de\/?page_id=318#primaryimage"},"thumbnailUrl":"https:\/\/www.harlander-stiftung.de\/wp-content\/uploads\/2025\/12\/Lernmittel.jpg","datePublished":"2025-12-23T15:00:28+00:00","dateModified":"2026-01-09T15:23:34+00:00","breadcrumb":{"@id":"https:\/\/www.harlander-stiftung.de\/?page_id=318#breadcrumb"},"inLanguage":"de","potentialAction":[{"@type":"ReadAction","target":["https:\/\/www.harlander-stiftung.de\/?page_id=318"]}]},{"@type":"ImageObject","inLanguage":"de","@id":"https:\/\/www.harlander-stiftung.de\/?page_id=318#primaryimage","url":"https:\/\/www.harlander-stiftung.de\/wp-content\/uploads\/2025\/12\/Lernmittel.jpg","contentUrl":"https:\/\/www.harlander-stiftung.de\/wp-content\/uploads\/2025\/12\/Lernmittel.jpg","width":1500,"height":2000,"caption":"Kinder zeigen neue Schulb\u00fccher"},{"@type":"BreadcrumbList","@id":"https:\/\/www.harlander-stiftung.de\/?page_id=318#breadcrumb","itemListElement":[{"@type":"ListItem","position":1,"name":"Startseite","item":"https:\/\/www.harlander-stiftung.de\/"},{"@type":"ListItem","position":2,"name":"Unsere Projekte","item":"https:\/\/www.harlander-stiftung.de\/?page_id=286"},{"@type":"ListItem","position":3,"name":"Youth Solution Africa"}]},{"@type":"WebSite","@id":"https:\/\/www.harlander-stiftung.de\/#website","url":"https:\/\/www.harlander-stiftung.de\/","name":"Harlander-Stiftung","description":"Zukunft durch Bildung","publisher":{"@id":"https:\/\/www.harlander-stiftung.de\/#organization"},"potentialAction":[{"@type":"SearchAction","target":{"@type":"EntryPoint","urlTemplate":"https:\/\/www.harlander-stiftung.de\/?s={search_term_string}"},"query-input":{"@type":"PropertyValueSpecification","valueRequired":true,"valueName":"search_term_string"}}],"inLanguage":"de"},{"@type":"Organization","@id":"https:\/\/www.harlander-stiftung.de\/#organization","name":"Harlander-Stiftung","url":"https:\/\/www.harlander-stiftung.de\/","logo":{"@type":"ImageObject","inLanguage":"de","@id":"https:\/\/www.harlander-stiftung.de\/#\/schema\/logo\/image\/","url":"https:\/\/www.harlander-stiftung.de\/wp-content\/uploads\/2016\/02\/cropped-cropped-Galaxy-Desktop-Wallpapers-1.jpg","contentUrl":"https:\/\/www.harlander-stiftung.de\/wp-content\/uploads\/2016\/02\/cropped-cropped-Galaxy-Desktop-Wallpapers-1.jpg","width":290,"height":70,"caption":"Harlander-Stiftung"},"image":{"@id":"https:\/\/www.harlander-stiftung.de\/#\/schema\/logo\/image\/"}}]}},"_links":{"self":[{"href":"https:\/\/www.harlander-stiftung.de\/index.php?rest_route=\/wp\/v2\/pages\/318","targetHints":{"allow":["GET"]}}],"collection":[{"href":"https:\/\/www.harlander-stiftung.de\/index.php?rest_route=\/wp\/v2\/pages"}],"about":[{"href":"https:\/\/www.harlander-stiftung.de\/index.php?rest_route=\/wp\/v2\/types\/page"}],"author":[{"embeddable":true,"href":"https:\/\/www.harlander-stiftung.de\/index.php?rest_route=\/wp\/v2\/users\/1"}],"replies":[{"embeddable":true,"href":"https:\/\/www.harlander-stiftung.de\/index.php?rest_route=%2Fwp%2Fv2%2Fcomments&post=318"}],"version-history":[{"count":4,"href":"https:\/\/www.harlander-stiftung.de\/index.php?rest_route=\/wp\/v2\/pages\/318\/revisions"}],"predecessor-version":[{"id":411,"href":"https:\/\/www.harlander-stiftung.de\/index.php?rest_route=\/wp\/v2\/pages\/318\/revisions\/411"}],"up":[{"embeddable":true,"href":"https:\/\/www.harlander-stiftung.de\/index.php?rest_route=\/wp\/v2\/pages\/286"}],"wp:featuredmedia":[{"embeddable":true,"href":"https:\/\/www.harlander-stiftung.de\/index.php?rest_route=\/wp\/v2\/media\/390"}],"wp:attachment":[{"href":"https:\/\/www.harlander-stiftung.de\/index.php?rest_route=%2Fwp%2Fv2%2Fmedia&parent=318"}],"curies":[{"name":"wp","href":"https:\/\/api.w.org\/{rel}","templated":true}]}}