{"id":320,"date":"2025-12-23T16:03:03","date_gmt":"2025-12-23T15:03:03","guid":{"rendered":"https:\/\/www.harlander-stiftung.de\/?page_id=320"},"modified":"2025-12-23T20:42:18","modified_gmt":"2025-12-23T19:42:18","slug":"planetenweg","status":"publish","type":"page","link":"https:\/\/www.harlander-stiftung.de\/?page_id=320","title":{"rendered":"Planetenweg"},"content":{"rendered":"\n<p>Foto: Privat<\/p>\n<h3><b>Projekttitel:<\/b><\/h3>\n<p>Projekt Planetenweg des Gymnasium Kirchheim<\/p>\n<h3>Aktiv:<\/h3>\n<p>Aktiv in den Jahren: 2024,2025<\/p>\n<h3><b>Status: <\/b><\/h3>\n<p>aktiv<\/p>\n<h3><b>Bisherige F\u00f6rderung insgesamt: <\/b><\/h3>\n<p><strong>5.127,62 \u20ac<\/strong><\/p>\n<h3><b>Beschreibung:<\/b><\/h3>\n<p>Anl\u00e4sslich der Landesgartenschau 2024 in Kirchheim besch\u00e4ftigte sich ein Projektseminar der Oberstufe des Gymnasium Kirchheim unter der Leitung von Frau Katja Neufeld damit, f\u00fcr das Gel\u00e4nde einen &#8222;Planetenweg&#8220; zu entwerfen und umzusetzen. Der Planetenweg soll die Gr\u00f6\u00dfenverh\u00e4ltnisse der Planeten und der Sonne zueinander sowie die Entfernungen untereinander ma\u00dfstabsgetreu wiedergeben. Dazu wurden Informationstafeln entworfen, auf denen sich Informationen \u00fcber die einzelnen Planeten befinden sowie Modelle der Planeten im entsprechenden Ma\u00dfstab befestigt sind. Das Projekt wurde beeindruckend umgesetzt und fand w\u00e4hrend der Landesgartenschau viel Anklang. Auch nach dem Ende der Veranstaltung verblieb der Planetenweg im neuen Kirchheimer Ortspark unter der Bedingung, dass sich das Gymnasium Kirchheim weiter um die Erhaltung des Planetenwegs k\u00fcmmert.\u00a0<\/p>\n<p>Finanziert wurde der Planetenweg vor allem durch Sponsoren. Die Harlander-Stiftung hatte u.a. die Kosten f\u00fcr die Planeten Jupiter und Uranus \u00fcbernommen und Unterst\u00fctzung beim Erhalt des Planetenwegs zugesagt.<\/p>\n<p>Im Januar 2025 wurde dann der Diebstahl der Informationstafeln samt Planetenmodellen von Jupiter, Saturn und Neptun bemerkt. Sicherheitshalber wurden dann alle Planeten abmontiert, eine neue, verbesserte Befestigung erarbeitet, die gestohlenen Platten und Planeten ersetzt und alles neu montiert. Die Harlander-Stiftung hat f\u00fcr diese Instandsetzung den gr\u00f6\u00dften Teil der Kosten \u00fcbernommen.<\/p>\n<p>\u00a0<\/p>\n","protected":false},"excerpt":{"rendered":"<p>Foto: Privat Projekttitel: Projekt Planetenweg des Gymnasium Kirchheim Aktiv: Aktiv in den Jahren: 2024,2025 Status: aktiv Bisherige F\u00f6rderung insgesamt: 5.127,62 \u20ac Beschreibung: Anl\u00e4sslich der Landesgartenschau 2024 in Kirchheim besch\u00e4ftigte sich ein Projektseminar der Oberstufe des Gymnasium Kirchheim unter der Leitung von Frau Katja Neufeld damit, f\u00fcr das Gel\u00e4nde einen &#8222;Planetenweg&#8220; zu entwerfen und umzusetzen. Der Planetenweg soll die Gr\u00f6\u00dfenverh\u00e4ltnisse der Planeten und der Sonne zueinander sowie die Entfernungen untereinander ma\u00dfstabsgetreu&hellip;<\/p>\n","protected":false},"author":1,"featured_media":339,"parent":286,"menu_order":0,"comment_status":"closed","ping_status":"closed","template":"","meta":{"_acf_changed":false,"footnotes":""},"class_list":["post-320","page","type-page","status-publish","has-post-thumbnail","hentry"],"acf":[],"yoast_head":"<!-- This site is optimized with the Yoast SEO plugin v27.5 - https:\/\/yoast.com\/product\/yoast-seo-wordpress\/ -->\n<title>Planetenweg - Harlander-Stiftung<\/title>\n<meta name=\"robots\" content=\"index, follow, max-snippet:-1, max-image-preview:large, max-video-preview:-1\" \/>\n<link rel=\"canonical\" href=\"https:\/\/www.harlander-stiftung.de\/?page_id=320\" \/>\n<meta property=\"og:locale\" content=\"de_DE\" \/>\n<meta property=\"og:type\" content=\"article\" \/>\n<meta property=\"og:title\" content=\"Planetenweg - Harlander-Stiftung\" \/>\n<meta property=\"og:description\" content=\"Foto: Privat Projekttitel: Projekt Planetenweg des Gymnasium Kirchheim Aktiv: Aktiv in den Jahren: 2024,2025 Status: aktiv Bisherige F\u00f6rderung insgesamt: 5.127,62 \u20ac Beschreibung: Anl\u00e4sslich der Landesgartenschau 2024 in Kirchheim besch\u00e4ftigte sich ein Projektseminar der Oberstufe des Gymnasium Kirchheim unter der Leitung von Frau Katja Neufeld damit, f\u00fcr das Gel\u00e4nde einen &#8222;Planetenweg&#8220; zu entwerfen und umzusetzen. Der Planetenweg soll die Gr\u00f6\u00dfenverh\u00e4ltnisse der Planeten und der Sonne zueinander sowie die Entfernungen untereinander ma\u00dfstabsgetreu&hellip;\" \/>\n<meta property=\"og:url\" content=\"https:\/\/www.harlander-stiftung.de\/?page_id=320\" \/>\n<meta property=\"og:site_name\" content=\"Harlander-Stiftung\" \/>\n<meta property=\"article:modified_time\" content=\"2025-12-23T19:42:18+00:00\" \/>\n<meta name=\"twitter:card\" content=\"summary_large_image\" \/>\n<meta name=\"twitter:label1\" content=\"Gesch\u00e4tzte Lesezeit\" \/>\n\t<meta name=\"twitter:data1\" content=\"2\u00a0Minuten\" \/>\n<script type=\"application\/ld+json\" class=\"yoast-schema-graph\">{\"@context\":\"https:\\\/\\\/schema.org\",\"@graph\":[{\"@type\":\"WebPage\",\"@id\":\"https:\\\/\\\/www.harlander-stiftung.de\\\/?page_id=320\",\"url\":\"https:\\\/\\\/www.harlander-stiftung.de\\\/?page_id=320\",\"name\":\"Planetenweg - Harlander-Stiftung\",\"isPartOf\":{\"@id\":\"https:\\\/\\\/www.harlander-stiftung.de\\\/#website\"},\"primaryImageOfPage\":{\"@id\":\"https:\\\/\\\/www.harlander-stiftung.de\\\/?page_id=320#primaryimage\"},\"image\":{\"@id\":\"https:\\\/\\\/www.harlander-stiftung.de\\\/?page_id=320#primaryimage\"},\"thumbnailUrl\":\"https:\\\/\\\/www.harlander-stiftung.de\\\/wp-content\\\/uploads\\\/2025\\\/12\\\/planetenweg.avif\",\"datePublished\":\"2025-12-23T15:03:03+00:00\",\"dateModified\":\"2025-12-23T19:42:18+00:00\",\"breadcrumb\":{\"@id\":\"https:\\\/\\\/www.harlander-stiftung.de\\\/?page_id=320#breadcrumb\"},\"inLanguage\":\"de\",\"potentialAction\":[{\"@type\":\"ReadAction\",\"target\":[\"https:\\\/\\\/www.harlander-stiftung.de\\\/?page_id=320\"]}]},{\"@type\":\"ImageObject\",\"inLanguage\":\"de\",\"@id\":\"https:\\\/\\\/www.harlander-stiftung.de\\\/?page_id=320#primaryimage\",\"url\":\"https:\\\/\\\/www.harlander-stiftung.de\\\/wp-content\\\/uploads\\\/2025\\\/12\\\/planetenweg.avif\",\"contentUrl\":\"https:\\\/\\\/www.harlander-stiftung.de\\\/wp-content\\\/uploads\\\/2025\\\/12\\\/planetenweg.avif\",\"width\":1536,\"height\":864,\"caption\":\"Planetenweg. (Foto privat)\"},{\"@type\":\"BreadcrumbList\",\"@id\":\"https:\\\/\\\/www.harlander-stiftung.de\\\/?page_id=320#breadcrumb\",\"itemListElement\":[{\"@type\":\"ListItem\",\"position\":1,\"name\":\"Startseite\",\"item\":\"https:\\\/\\\/www.harlander-stiftung.de\\\/\"},{\"@type\":\"ListItem\",\"position\":2,\"name\":\"Unsere Projekte\",\"item\":\"https:\\\/\\\/www.harlander-stiftung.de\\\/?page_id=286\"},{\"@type\":\"ListItem\",\"position\":3,\"name\":\"Planetenweg\"}]},{\"@type\":\"WebSite\",\"@id\":\"https:\\\/\\\/www.harlander-stiftung.de\\\/#website\",\"url\":\"https:\\\/\\\/www.harlander-stiftung.de\\\/\",\"name\":\"Harlander-Stiftung\",\"description\":\"Zukunft durch Bildung\",\"publisher\":{\"@id\":\"https:\\\/\\\/www.harlander-stiftung.de\\\/#organization\"},\"potentialAction\":[{\"@type\":\"SearchAction\",\"target\":{\"@type\":\"EntryPoint\",\"urlTemplate\":\"https:\\\/\\\/www.harlander-stiftung.de\\\/?s={search_term_string}\"},\"query-input\":{\"@type\":\"PropertyValueSpecification\",\"valueRequired\":true,\"valueName\":\"search_term_string\"}}],\"inLanguage\":\"de\"},{\"@type\":\"Organization\",\"@id\":\"https:\\\/\\\/www.harlander-stiftung.de\\\/#organization\",\"name\":\"Harlander-Stiftung\",\"url\":\"https:\\\/\\\/www.harlander-stiftung.de\\\/\",\"logo\":{\"@type\":\"ImageObject\",\"inLanguage\":\"de\",\"@id\":\"https:\\\/\\\/www.harlander-stiftung.de\\\/#\\\/schema\\\/logo\\\/image\\\/\",\"url\":\"https:\\\/\\\/www.harlander-stiftung.de\\\/wp-content\\\/uploads\\\/2016\\\/02\\\/cropped-cropped-Galaxy-Desktop-Wallpapers-1.jpg\",\"contentUrl\":\"https:\\\/\\\/www.harlander-stiftung.de\\\/wp-content\\\/uploads\\\/2016\\\/02\\\/cropped-cropped-Galaxy-Desktop-Wallpapers-1.jpg\",\"width\":290,\"height\":70,\"caption\":\"Harlander-Stiftung\"},\"image\":{\"@id\":\"https:\\\/\\\/www.harlander-stiftung.de\\\/#\\\/schema\\\/logo\\\/image\\\/\"}}]}<\/script>\n<!-- \/ Yoast SEO plugin. -->","yoast_head_json":{"title":"Planetenweg - Harlander-Stiftung","robots":{"index":"index","follow":"follow","max-snippet":"max-snippet:-1","max-image-preview":"max-image-preview:large","max-video-preview":"max-video-preview:-1"},"canonical":"https:\/\/www.harlander-stiftung.de\/?page_id=320","og_locale":"de_DE","og_type":"article","og_title":"Planetenweg - Harlander-Stiftung","og_description":"Foto: Privat Projekttitel: Projekt Planetenweg des Gymnasium Kirchheim Aktiv: Aktiv in den Jahren: 2024,2025 Status: aktiv Bisherige F\u00f6rderung insgesamt: 5.127,62 \u20ac Beschreibung: Anl\u00e4sslich der Landesgartenschau 2024 in Kirchheim besch\u00e4ftigte sich ein Projektseminar der Oberstufe des Gymnasium Kirchheim unter der Leitung von Frau Katja Neufeld damit, f\u00fcr das Gel\u00e4nde einen &#8222;Planetenweg&#8220; zu entwerfen und umzusetzen. Der Planetenweg soll die Gr\u00f6\u00dfenverh\u00e4ltnisse der Planeten und der Sonne zueinander sowie die Entfernungen untereinander ma\u00dfstabsgetreu&hellip;","og_url":"https:\/\/www.harlander-stiftung.de\/?page_id=320","og_site_name":"Harlander-Stiftung","article_modified_time":"2025-12-23T19:42:18+00:00","twitter_card":"summary_large_image","twitter_misc":{"Gesch\u00e4tzte Lesezeit":"2\u00a0Minuten"},"schema":{"@context":"https:\/\/schema.org","@graph":[{"@type":"WebPage","@id":"https:\/\/www.harlander-stiftung.de\/?page_id=320","url":"https:\/\/www.harlander-stiftung.de\/?page_id=320","name":"Planetenweg - Harlander-Stiftung","isPartOf":{"@id":"https:\/\/www.harlander-stiftung.de\/#website"},"primaryImageOfPage":{"@id":"https:\/\/www.harlander-stiftung.de\/?page_id=320#primaryimage"},"image":{"@id":"https:\/\/www.harlander-stiftung.de\/?page_id=320#primaryimage"},"thumbnailUrl":"https:\/\/www.harlander-stiftung.de\/wp-content\/uploads\/2025\/12\/planetenweg.avif","datePublished":"2025-12-23T15:03:03+00:00","dateModified":"2025-12-23T19:42:18+00:00","breadcrumb":{"@id":"https:\/\/www.harlander-stiftung.de\/?page_id=320#breadcrumb"},"inLanguage":"de","potentialAction":[{"@type":"ReadAction","target":["https:\/\/www.harlander-stiftung.de\/?page_id=320"]}]},{"@type":"ImageObject","inLanguage":"de","@id":"https:\/\/www.harlander-stiftung.de\/?page_id=320#primaryimage","url":"https:\/\/www.harlander-stiftung.de\/wp-content\/uploads\/2025\/12\/planetenweg.avif","contentUrl":"https:\/\/www.harlander-stiftung.de\/wp-content\/uploads\/2025\/12\/planetenweg.avif","width":1536,"height":864,"caption":"Planetenweg. (Foto privat)"},{"@type":"BreadcrumbList","@id":"https:\/\/www.harlander-stiftung.de\/?page_id=320#breadcrumb","itemListElement":[{"@type":"ListItem","position":1,"name":"Startseite","item":"https:\/\/www.harlander-stiftung.de\/"},{"@type":"ListItem","position":2,"name":"Unsere Projekte","item":"https:\/\/www.harlander-stiftung.de\/?page_id=286"},{"@type":"ListItem","position":3,"name":"Planetenweg"}]},{"@type":"WebSite","@id":"https:\/\/www.harlander-stiftung.de\/#website","url":"https:\/\/www.harlander-stiftung.de\/","name":"Harlander-Stiftung","description":"Zukunft durch Bildung","publisher":{"@id":"https:\/\/www.harlander-stiftung.de\/#organization"},"potentialAction":[{"@type":"SearchAction","target":{"@type":"EntryPoint","urlTemplate":"https:\/\/www.harlander-stiftung.de\/?s={search_term_string}"},"query-input":{"@type":"PropertyValueSpecification","valueRequired":true,"valueName":"search_term_string"}}],"inLanguage":"de"},{"@type":"Organization","@id":"https:\/\/www.harlander-stiftung.de\/#organization","name":"Harlander-Stiftung","url":"https:\/\/www.harlander-stiftung.de\/","logo":{"@type":"ImageObject","inLanguage":"de","@id":"https:\/\/www.harlander-stiftung.de\/#\/schema\/logo\/image\/","url":"https:\/\/www.harlander-stiftung.de\/wp-content\/uploads\/2016\/02\/cropped-cropped-Galaxy-Desktop-Wallpapers-1.jpg","contentUrl":"https:\/\/www.harlander-stiftung.de\/wp-content\/uploads\/2016\/02\/cropped-cropped-Galaxy-Desktop-Wallpapers-1.jpg","width":290,"height":70,"caption":"Harlander-Stiftung"},"image":{"@id":"https:\/\/www.harlander-stiftung.de\/#\/schema\/logo\/image\/"}}]}},"_links":{"self":[{"href":"https:\/\/www.harlander-stiftung.de\/index.php?rest_route=\/wp\/v2\/pages\/320","targetHints":{"allow":["GET"]}}],"collection":[{"href":"https:\/\/www.harlander-stiftung.de\/index.php?rest_route=\/wp\/v2\/pages"}],"about":[{"href":"https:\/\/www.harlander-stiftung.de\/index.php?rest_route=\/wp\/v2\/types\/page"}],"author":[{"embeddable":true,"href":"https:\/\/www.harlander-stiftung.de\/index.php?rest_route=\/wp\/v2\/users\/1"}],"replies":[{"embeddable":true,"href":"https:\/\/www.harlander-stiftung.de\/index.php?rest_route=%2Fwp%2Fv2%2Fcomments&post=320"}],"version-history":[{"count":4,"href":"https:\/\/www.harlander-stiftung.de\/index.php?rest_route=\/wp\/v2\/pages\/320\/revisions"}],"predecessor-version":[{"id":380,"href":"https:\/\/www.harlander-stiftung.de\/index.php?rest_route=\/wp\/v2\/pages\/320\/revisions\/380"}],"up":[{"embeddable":true,"href":"https:\/\/www.harlander-stiftung.de\/index.php?rest_route=\/wp\/v2\/pages\/286"}],"wp:featuredmedia":[{"embeddable":true,"href":"https:\/\/www.harlander-stiftung.de\/index.php?rest_route=\/wp\/v2\/media\/339"}],"wp:attachment":[{"href":"https:\/\/www.harlander-stiftung.de\/index.php?rest_route=%2Fwp%2Fv2%2Fmedia&parent=320"}],"curies":[{"name":"wp","href":"https:\/\/api.w.org\/{rel}","templated":true}]}}