{"id":344,"date":"2025-12-23T16:47:00","date_gmt":"2025-12-23T15:47:00","guid":{"rendered":"https:\/\/www.harlander-stiftung.de\/?page_id=344"},"modified":"2025-12-23T22:06:18","modified_gmt":"2025-12-23T21:06:18","slug":"max-planck-foerderstiftung","status":"publish","type":"page","link":"https:\/\/www.harlander-stiftung.de\/?page_id=344","title":{"rendered":"Max-Planck-F\u00f6rderstiftung"},"content":{"rendered":"\n<p>Foto: MPG<\/p>\n<h3>Projekttitel:<\/h3>\n<p>Projekt &#8222;Unterst\u00fctzung der Max-Planck-F\u00f6rderstiftung&#8220;<\/p>\n<h3>Aktiv:<\/h3>\n<p>Geplant ab 2026<\/p>\n<h3>Status:<\/h3>\n<p>vor Beginn<\/p>\n<h3>Beschreibung:<\/h3>\n\n\n\n<p>Die Max-Planck-F\u00f6rderstiftung unterst\u00fctzt Forschende, wenn andere Geldquellen versagen.\u00a0<\/p>\n","protected":false},"excerpt":{"rendered":"<p>Foto: MPG Projekttitel: Projekt &#8222;Unterst\u00fctzung der Max-Planck-F\u00f6rderstiftung&#8220; Aktiv: Geplant ab 2026 Status: vor Beginn Beschreibung: Die Max-Planck-F\u00f6rderstiftung unterst\u00fctzt Forschende, wenn andere Geldquellen versagen.\u00a0<\/p>\n","protected":false},"author":1,"featured_media":345,"parent":286,"menu_order":0,"comment_status":"closed","ping_status":"closed","template":"","meta":{"_acf_changed":false,"footnotes":""},"class_list":["post-344","page","type-page","status-publish","has-post-thumbnail","hentry"],"acf":[],"yoast_head":"<!-- This site is optimized with the Yoast SEO plugin v27.5 - https:\/\/yoast.com\/product\/yoast-seo-wordpress\/ -->\n<title>Max-Planck-F\u00f6rderstiftung - Harlander-Stiftung<\/title>\n<meta name=\"robots\" content=\"index, follow, max-snippet:-1, max-image-preview:large, max-video-preview:-1\" \/>\n<link rel=\"canonical\" href=\"https:\/\/www.harlander-stiftung.de\/?page_id=344\" \/>\n<meta property=\"og:locale\" content=\"de_DE\" \/>\n<meta property=\"og:type\" content=\"article\" \/>\n<meta property=\"og:title\" content=\"Max-Planck-F\u00f6rderstiftung - Harlander-Stiftung\" \/>\n<meta property=\"og:description\" content=\"Foto: MPG Projekttitel: Projekt &#8222;Unterst\u00fctzung der Max-Planck-F\u00f6rderstiftung&#8220; Aktiv: Geplant ab 2026 Status: vor Beginn Beschreibung: Die Max-Planck-F\u00f6rderstiftung unterst\u00fctzt Forschende, wenn andere Geldquellen versagen.\u00a0\" \/>\n<meta property=\"og:url\" content=\"https:\/\/www.harlander-stiftung.de\/?page_id=344\" \/>\n<meta property=\"og:site_name\" content=\"Harlander-Stiftung\" \/>\n<meta property=\"article:modified_time\" content=\"2025-12-23T21:06:18+00:00\" \/>\n<meta name=\"twitter:card\" content=\"summary_large_image\" \/>\n<meta name=\"twitter:label1\" content=\"Gesch\u00e4tzte Lesezeit\" \/>\n\t<meta name=\"twitter:data1\" content=\"1\u00a0Minute\" \/>\n<script type=\"application\/ld+json\" class=\"yoast-schema-graph\">{\"@context\":\"https:\\\/\\\/schema.org\",\"@graph\":[{\"@type\":\"WebPage\",\"@id\":\"https:\\\/\\\/www.harlander-stiftung.de\\\/?page_id=344\",\"url\":\"https:\\\/\\\/www.harlander-stiftung.de\\\/?page_id=344\",\"name\":\"Max-Planck-F\u00f6rderstiftung - Harlander-Stiftung\",\"isPartOf\":{\"@id\":\"https:\\\/\\\/www.harlander-stiftung.de\\\/#website\"},\"primaryImageOfPage\":{\"@id\":\"https:\\\/\\\/www.harlander-stiftung.de\\\/?page_id=344#primaryimage\"},\"image\":{\"@id\":\"https:\\\/\\\/www.harlander-stiftung.de\\\/?page_id=344#primaryimage\"},\"thumbnailUrl\":\"https:\\\/\\\/www.harlander-stiftung.de\\\/wp-content\\\/uploads\\\/2025\\\/12\\\/mpg.avif\",\"datePublished\":\"2025-12-23T15:47:00+00:00\",\"dateModified\":\"2025-12-23T21:06:18+00:00\",\"breadcrumb\":{\"@id\":\"https:\\\/\\\/www.harlander-stiftung.de\\\/?page_id=344#breadcrumb\"},\"inLanguage\":\"de\",\"potentialAction\":[{\"@type\":\"ReadAction\",\"target\":[\"https:\\\/\\\/www.harlander-stiftung.de\\\/?page_id=344\"]}]},{\"@type\":\"ImageObject\",\"inLanguage\":\"de\",\"@id\":\"https:\\\/\\\/www.harlander-stiftung.de\\\/?page_id=344#primaryimage\",\"url\":\"https:\\\/\\\/www.harlander-stiftung.de\\\/wp-content\\\/uploads\\\/2025\\\/12\\\/mpg.avif\",\"contentUrl\":\"https:\\\/\\\/www.harlander-stiftung.de\\\/wp-content\\\/uploads\\\/2025\\\/12\\\/mpg.avif\",\"width\":1000,\"height\":1000},{\"@type\":\"BreadcrumbList\",\"@id\":\"https:\\\/\\\/www.harlander-stiftung.de\\\/?page_id=344#breadcrumb\",\"itemListElement\":[{\"@type\":\"ListItem\",\"position\":1,\"name\":\"Startseite\",\"item\":\"https:\\\/\\\/www.harlander-stiftung.de\\\/\"},{\"@type\":\"ListItem\",\"position\":2,\"name\":\"Unsere Projekte\",\"item\":\"https:\\\/\\\/www.harlander-stiftung.de\\\/?page_id=286\"},{\"@type\":\"ListItem\",\"position\":3,\"name\":\"Max-Planck-F\u00f6rderstiftung\"}]},{\"@type\":\"WebSite\",\"@id\":\"https:\\\/\\\/www.harlander-stiftung.de\\\/#website\",\"url\":\"https:\\\/\\\/www.harlander-stiftung.de\\\/\",\"name\":\"Harlander-Stiftung\",\"description\":\"Zukunft durch Bildung\",\"publisher\":{\"@id\":\"https:\\\/\\\/www.harlander-stiftung.de\\\/#organization\"},\"potentialAction\":[{\"@type\":\"SearchAction\",\"target\":{\"@type\":\"EntryPoint\",\"urlTemplate\":\"https:\\\/\\\/www.harlander-stiftung.de\\\/?s={search_term_string}\"},\"query-input\":{\"@type\":\"PropertyValueSpecification\",\"valueRequired\":true,\"valueName\":\"search_term_string\"}}],\"inLanguage\":\"de\"},{\"@type\":\"Organization\",\"@id\":\"https:\\\/\\\/www.harlander-stiftung.de\\\/#organization\",\"name\":\"Harlander-Stiftung\",\"url\":\"https:\\\/\\\/www.harlander-stiftung.de\\\/\",\"logo\":{\"@type\":\"ImageObject\",\"inLanguage\":\"de\",\"@id\":\"https:\\\/\\\/www.harlander-stiftung.de\\\/#\\\/schema\\\/logo\\\/image\\\/\",\"url\":\"https:\\\/\\\/www.harlander-stiftung.de\\\/wp-content\\\/uploads\\\/2016\\\/02\\\/cropped-cropped-Galaxy-Desktop-Wallpapers-1.jpg\",\"contentUrl\":\"https:\\\/\\\/www.harlander-stiftung.de\\\/wp-content\\\/uploads\\\/2016\\\/02\\\/cropped-cropped-Galaxy-Desktop-Wallpapers-1.jpg\",\"width\":290,\"height\":70,\"caption\":\"Harlander-Stiftung\"},\"image\":{\"@id\":\"https:\\\/\\\/www.harlander-stiftung.de\\\/#\\\/schema\\\/logo\\\/image\\\/\"}}]}<\/script>\n<!-- \/ Yoast SEO plugin. -->","yoast_head_json":{"title":"Max-Planck-F\u00f6rderstiftung - Harlander-Stiftung","robots":{"index":"index","follow":"follow","max-snippet":"max-snippet:-1","max-image-preview":"max-image-preview:large","max-video-preview":"max-video-preview:-1"},"canonical":"https:\/\/www.harlander-stiftung.de\/?page_id=344","og_locale":"de_DE","og_type":"article","og_title":"Max-Planck-F\u00f6rderstiftung - Harlander-Stiftung","og_description":"Foto: MPG Projekttitel: Projekt &#8222;Unterst\u00fctzung der Max-Planck-F\u00f6rderstiftung&#8220; Aktiv: Geplant ab 2026 Status: vor Beginn Beschreibung: Die Max-Planck-F\u00f6rderstiftung unterst\u00fctzt Forschende, wenn andere Geldquellen versagen.\u00a0","og_url":"https:\/\/www.harlander-stiftung.de\/?page_id=344","og_site_name":"Harlander-Stiftung","article_modified_time":"2025-12-23T21:06:18+00:00","twitter_card":"summary_large_image","twitter_misc":{"Gesch\u00e4tzte Lesezeit":"1\u00a0Minute"},"schema":{"@context":"https:\/\/schema.org","@graph":[{"@type":"WebPage","@id":"https:\/\/www.harlander-stiftung.de\/?page_id=344","url":"https:\/\/www.harlander-stiftung.de\/?page_id=344","name":"Max-Planck-F\u00f6rderstiftung - Harlander-Stiftung","isPartOf":{"@id":"https:\/\/www.harlander-stiftung.de\/#website"},"primaryImageOfPage":{"@id":"https:\/\/www.harlander-stiftung.de\/?page_id=344#primaryimage"},"image":{"@id":"https:\/\/www.harlander-stiftung.de\/?page_id=344#primaryimage"},"thumbnailUrl":"https:\/\/www.harlander-stiftung.de\/wp-content\/uploads\/2025\/12\/mpg.avif","datePublished":"2025-12-23T15:47:00+00:00","dateModified":"2025-12-23T21:06:18+00:00","breadcrumb":{"@id":"https:\/\/www.harlander-stiftung.de\/?page_id=344#breadcrumb"},"inLanguage":"de","potentialAction":[{"@type":"ReadAction","target":["https:\/\/www.harlander-stiftung.de\/?page_id=344"]}]},{"@type":"ImageObject","inLanguage":"de","@id":"https:\/\/www.harlander-stiftung.de\/?page_id=344#primaryimage","url":"https:\/\/www.harlander-stiftung.de\/wp-content\/uploads\/2025\/12\/mpg.avif","contentUrl":"https:\/\/www.harlander-stiftung.de\/wp-content\/uploads\/2025\/12\/mpg.avif","width":1000,"height":1000},{"@type":"BreadcrumbList","@id":"https:\/\/www.harlander-stiftung.de\/?page_id=344#breadcrumb","itemListElement":[{"@type":"ListItem","position":1,"name":"Startseite","item":"https:\/\/www.harlander-stiftung.de\/"},{"@type":"ListItem","position":2,"name":"Unsere Projekte","item":"https:\/\/www.harlander-stiftung.de\/?page_id=286"},{"@type":"ListItem","position":3,"name":"Max-Planck-F\u00f6rderstiftung"}]},{"@type":"WebSite","@id":"https:\/\/www.harlander-stiftung.de\/#website","url":"https:\/\/www.harlander-stiftung.de\/","name":"Harlander-Stiftung","description":"Zukunft durch Bildung","publisher":{"@id":"https:\/\/www.harlander-stiftung.de\/#organization"},"potentialAction":[{"@type":"SearchAction","target":{"@type":"EntryPoint","urlTemplate":"https:\/\/www.harlander-stiftung.de\/?s={search_term_string}"},"query-input":{"@type":"PropertyValueSpecification","valueRequired":true,"valueName":"search_term_string"}}],"inLanguage":"de"},{"@type":"Organization","@id":"https:\/\/www.harlander-stiftung.de\/#organization","name":"Harlander-Stiftung","url":"https:\/\/www.harlander-stiftung.de\/","logo":{"@type":"ImageObject","inLanguage":"de","@id":"https:\/\/www.harlander-stiftung.de\/#\/schema\/logo\/image\/","url":"https:\/\/www.harlander-stiftung.de\/wp-content\/uploads\/2016\/02\/cropped-cropped-Galaxy-Desktop-Wallpapers-1.jpg","contentUrl":"https:\/\/www.harlander-stiftung.de\/wp-content\/uploads\/2016\/02\/cropped-cropped-Galaxy-Desktop-Wallpapers-1.jpg","width":290,"height":70,"caption":"Harlander-Stiftung"},"image":{"@id":"https:\/\/www.harlander-stiftung.de\/#\/schema\/logo\/image\/"}}]}},"_links":{"self":[{"href":"https:\/\/www.harlander-stiftung.de\/index.php?rest_route=\/wp\/v2\/pages\/344","targetHints":{"allow":["GET"]}}],"collection":[{"href":"https:\/\/www.harlander-stiftung.de\/index.php?rest_route=\/wp\/v2\/pages"}],"about":[{"href":"https:\/\/www.harlander-stiftung.de\/index.php?rest_route=\/wp\/v2\/types\/page"}],"author":[{"embeddable":true,"href":"https:\/\/www.harlander-stiftung.de\/index.php?rest_route=\/wp\/v2\/users\/1"}],"replies":[{"embeddable":true,"href":"https:\/\/www.harlander-stiftung.de\/index.php?rest_route=%2Fwp%2Fv2%2Fcomments&post=344"}],"version-history":[{"count":3,"href":"https:\/\/www.harlander-stiftung.de\/index.php?rest_route=\/wp\/v2\/pages\/344\/revisions"}],"predecessor-version":[{"id":407,"href":"https:\/\/www.harlander-stiftung.de\/index.php?rest_route=\/wp\/v2\/pages\/344\/revisions\/407"}],"up":[{"embeddable":true,"href":"https:\/\/www.harlander-stiftung.de\/index.php?rest_route=\/wp\/v2\/pages\/286"}],"wp:featuredmedia":[{"embeddable":true,"href":"https:\/\/www.harlander-stiftung.de\/index.php?rest_route=\/wp\/v2\/media\/345"}],"wp:attachment":[{"href":"https:\/\/www.harlander-stiftung.de\/index.php?rest_route=%2Fwp%2Fv2%2Fmedia&parent=344"}],"curies":[{"name":"wp","href":"https:\/\/api.w.org\/{rel}","templated":true}]}}